{"id":171,"date":"2025-03-14T16:35:09","date_gmt":"2025-03-14T16:35:09","guid":{"rendered":"https:\/\/mariaortegagarcia.com\/?page_id=171"},"modified":"2025-10-14T13:49:55","modified_gmt":"2025-10-14T13:49:55","slug":"books","status":"publish","type":"page","link":"https:\/\/mariaortegagarcia.com\/es\/books\/","title":{"rendered":"Books"},"content":{"rendered":"<div data-elementor-type=\"wp-page\" data-elementor-id=\"171\" class=\"elementor elementor-171\" data-elementor-post-type=\"page\">\n\t\t\t\t<div class=\"elementor-element elementor-element-0b09b1d e-flex e-con-boxed e-con e-parent\" data-id=\"0b09b1d\" data-element_type=\"container\">\n\t\t\t\t\t<div class=\"e-con-inner\">\n\t\t\t\t<div class=\"elementor-element elementor-element-25c6b4e elementor-widget elementor-widget-heading\" data-id=\"25c6b4e\" data-element_type=\"widget\" data-widget_type=\"heading.default\">\n\t\t\t\t<div class=\"elementor-widget-container\">\n\t\t\t\t\t<h1 class=\"elementor-heading-title elementor-size-default\">Books &amp; Writing<\/h1>\t\t\t\t<\/div>\n\t\t\t\t<\/div>\n\t\t\t\t<div class=\"elementor-element elementor-element-7e3eeb2 elementor-widget elementor-widget-text-editor\" data-id=\"7e3eeb2\" data-element_type=\"widget\" data-widget_type=\"text-editor.default\">\n\t\t\t\t<div class=\"elementor-widget-container\">\n\t\t\t\t\t\t\t\t\t<p>Writing is like breathing to me. No matter the format, whether it be poetry, prose, or essay, it\u2019s a conversation between me and my heart, soul, or mind. My typing fingers translate stagnant emotions, aching desires, or convoluted thoughts so that when my eyes read the words, I can make sense of them.<\/p>\t\t\t\t\t\t\t\t<\/div>\n\t\t\t\t<\/div>\n\t\t\t\t\t<\/div>\n\t\t\t\t<\/div>\n\t\t<div class=\"elementor-element elementor-element-0d61d90 e-flex e-con-boxed e-con e-parent\" data-id=\"0d61d90\" data-element_type=\"container\">\n\t\t\t\t\t<div class=\"e-con-inner\">\n\t\t<div class=\"elementor-element elementor-element-494c683 e-con-full e-flex e-con e-child\" data-id=\"494c683\" data-element_type=\"container\">\n\t\t\t\t<div class=\"elementor-element elementor-element-1641516 elementor-widget elementor-widget-image\" data-id=\"1641516\" data-element_type=\"widget\" data-widget_type=\"image.default\">\n\t\t\t\t<div class=\"elementor-widget-container\">\n\t\t\t\t\t\t\t\t\t\t\t\t\t\t\t\t<a href=\"https:\/\/payhip.com\/b\/ej180\">\n\t\t\t\t\t\t\t<img fetchpriority=\"high\" decoding=\"async\" width=\"600\" height=\"852\" src=\"https:\/\/mariaortegagarcia.com\/wp-content\/uploads\/2025\/10\/with-rhyme-and-reason.png\" class=\"attachment-large size-large wp-image-870\" alt=\"\" srcset=\"https:\/\/mariaortegagarcia.com\/wp-content\/uploads\/2025\/10\/with-rhyme-and-reason.png 600w, https:\/\/mariaortegagarcia.com\/wp-content\/uploads\/2025\/10\/with-rhyme-and-reason-211x300.png 211w, https:\/\/mariaortegagarcia.com\/wp-content\/uploads\/2025\/10\/with-rhyme-and-reason-8x12.png 8w\" sizes=\"(max-width: 600px) 100vw, 600px\" \/>\t\t\t\t\t\t\t\t<\/a>\n\t\t\t\t\t\t\t\t\t\t\t\t\t\t\t<\/div>\n\t\t\t\t<\/div>\n\t\t\t\t<\/div>\n\t\t<div class=\"elementor-element elementor-element-bf4f906 e-con-full e-flex e-con e-child\" data-id=\"bf4f906\" data-element_type=\"container\">\n\t\t\t\t<div class=\"elementor-element elementor-element-0d72bfe elementor-widget elementor-widget-heading\" data-id=\"0d72bfe\" data-element_type=\"widget\" data-widget_type=\"heading.default\">\n\t\t\t\t<div class=\"elementor-widget-container\">\n\t\t\t\t\t<h4 class=\"elementor-heading-title elementor-size-default\">With rhyme and reason: poetry therapy in practice<\/h4>\t\t\t\t<\/div>\n\t\t\t\t<\/div>\n\t\t\t\t<div class=\"elementor-element elementor-element-4a8a490 elementor-widget elementor-widget-text-editor\" data-id=\"4a8a490\" data-element_type=\"widget\" data-widget_type=\"text-editor.default\">\n\t\t\t\t<div class=\"elementor-widget-container\">\n\t\t\t\t\t\t\t\t\t<p><strong><em>With rhyme and reason: poetry therapy in practice<\/em><\/strong>\u00a0is a concise yet purposeful book, serving as an alchemy spell book for transformation through the magic of language. It originates from the idea that words are not just symbols but living elements capable of transforming pain into wisdom, silence into song, and memory into gold. The initial section blends poetic storytelling with scientific research to demonstrate\u00a0<strong>how poetry therapy functions<\/strong>. The latter section offers\u00a0<strong>practical applications<\/strong>\u00a0through various poetic forms, poems, and writing prompts.<\/p><p>30 pages<\/p><p>Price: <b>5\u20ac (pdf) \/\/ 9\u20ac (A5 printed booklet)<\/b><\/p>\t\t\t\t\t\t\t\t<\/div>\n\t\t\t\t<\/div>\n\t\t<div class=\"elementor-element elementor-element-4e20ea8 e-grid e-con-full e-con e-child\" data-id=\"4e20ea8\" data-element_type=\"container\">\n\t\t\t\t<div class=\"elementor-element elementor-element-889e84b elementor-align-center elementor-widget elementor-widget-button\" data-id=\"889e84b\" data-element_type=\"widget\" data-widget_type=\"button.default\">\n\t\t\t\t<div class=\"elementor-widget-container\">\n\t\t\t\t\t\t\t\t\t<div class=\"elementor-button-wrapper\">\n\t\t\t\t\t<a class=\"elementor-button elementor-button-link elementor-size-sm\" href=\"https:\/\/payhip.com\/b\/ej180\" target=\"_blank\">\n\t\t\t\t\t\t<span class=\"elementor-button-content-wrapper\">\n\t\t\t\t\t\t\t\t\t<span class=\"elementor-button-text\">Buy pdf<\/span>\n\t\t\t\t\t<\/span>\n\t\t\t\t\t<\/a>\n\t\t\t\t<\/div>\n\t\t\t\t\t\t\t\t<\/div>\n\t\t\t\t<\/div>\n\t\t\t\t<div class=\"elementor-element elementor-element-27c7ff4 elementor-align-center elementor-widget elementor-widget-button\" data-id=\"27c7ff4\" data-element_type=\"widget\" data-widget_type=\"button.default\">\n\t\t\t\t<div class=\"elementor-widget-container\">\n\t\t\t\t\t\t\t\t\t<div class=\"elementor-button-wrapper\">\n\t\t\t\t\t<a class=\"elementor-button elementor-size-sm\" role=\"button\">\n\t\t\t\t\t\t<span class=\"elementor-button-content-wrapper\">\n\t\t\t\t\t\t\t\t\t<span class=\"elementor-button-text\">Buy printed booklet<\/span>\n\t\t\t\t\t<\/span>\n\t\t\t\t\t<\/a>\n\t\t\t\t<\/div>\n\t\t\t\t\t\t\t\t<\/div>\n\t\t\t\t<\/div>\n\t\t\t\t<\/div>\n\t\t\t\t<\/div>\n\t\t\t\t\t<\/div>\n\t\t\t\t<\/div>\n\t\t<div class=\"elementor-element elementor-element-abadc40 e-flex e-con-boxed e-con e-parent\" data-id=\"abadc40\" data-element_type=\"container\">\n\t\t\t\t\t<div class=\"e-con-inner\">\n\t\t<div class=\"elementor-element elementor-element-2c4cdf5 e-con-full e-flex e-con e-child\" data-id=\"2c4cdf5\" data-element_type=\"container\">\n\t\t\t\t<div class=\"elementor-element elementor-element-4d717a9 elementor-widget elementor-widget-heading\" data-id=\"4d717a9\" data-element_type=\"widget\" data-widget_type=\"heading.default\">\n\t\t\t\t<div class=\"elementor-widget-container\">\n\t\t\t\t\t<h4 class=\"elementor-heading-title elementor-size-default\">Wild Life<\/h4>\t\t\t\t<\/div>\n\t\t\t\t<\/div>\n\t\t\t\t<div class=\"elementor-element elementor-element-8a0606d elementor-widget elementor-widget-text-editor\" data-id=\"8a0606d\" data-element_type=\"widget\" data-widget_type=\"text-editor.default\">\n\t\t\t\t<div class=\"elementor-widget-container\">\n\t\t\t\t\t\t\t\t\t<p><i>Wild Life<\/i>\u00a0is a collection of existential poems and photographs taken in the rite of passage from childless motherhood to cronehood.<\/p><p>A story of acceptance, surrender and key discoveries. The process of becoming more of oneself.<\/p><p>A journey back home.<\/p><p>This chapbook is handmade, so it will take us between to 3 to 5 days to ship your book. Thanks for your patience.\u00a0<\/p><p>Released on the 1st September 2023.<\/p><p>Price: 7\u20ac<\/p>\t\t\t\t\t\t\t\t<\/div>\n\t\t\t\t<\/div>\n\t\t\t\t<div class=\"elementor-element elementor-element-890a365 elementor-align-center elementor-widget elementor-widget-button\" data-id=\"890a365\" data-element_type=\"widget\" data-widget_type=\"button.default\">\n\t\t\t\t<div class=\"elementor-widget-container\">\n\t\t\t\t\t\t\t\t\t<div class=\"elementor-button-wrapper\">\n\t\t\t\t\t<a class=\"elementor-button elementor-button-link elementor-size-sm\" href=\"https:\/\/payhip.com\/b\/g4Qrj\" target=\"_blank\">\n\t\t\t\t\t\t<span class=\"elementor-button-content-wrapper\">\n\t\t\t\t\t\t\t\t\t<span class=\"elementor-button-text\">Order the chapbook<\/span>\n\t\t\t\t\t<\/span>\n\t\t\t\t\t<\/a>\n\t\t\t\t<\/div>\n\t\t\t\t\t\t\t\t<\/div>\n\t\t\t\t<\/div>\n\t\t\t\t<\/div>\n\t\t<div class=\"elementor-element elementor-element-8070548 e-con-full e-flex e-con e-child\" data-id=\"8070548\" data-element_type=\"container\">\n\t\t\t\t<div class=\"elementor-element elementor-element-8457f80 elementor-widget elementor-widget-image\" data-id=\"8457f80\" data-element_type=\"widget\" data-widget_type=\"image.default\">\n\t\t\t\t<div class=\"elementor-widget-container\">\n\t\t\t\t\t\t\t\t\t\t\t\t\t\t\t\t<a href=\"https:\/\/payhip.com\/b\/g4Qrj\">\n\t\t\t\t\t\t\t<img decoding=\"async\" width=\"333\" height=\"471\" src=\"https:\/\/mariaortegagarcia.com\/wp-content\/uploads\/2025\/03\/Screenshot-2023-08-03-at-17.26.27.png\" class=\"attachment-large size-large wp-image-173\" alt=\"\" srcset=\"https:\/\/mariaortegagarcia.com\/wp-content\/uploads\/2025\/03\/Screenshot-2023-08-03-at-17.26.27.png 333w, https:\/\/mariaortegagarcia.com\/wp-content\/uploads\/2025\/03\/Screenshot-2023-08-03-at-17.26.27-212x300.png 212w, https:\/\/mariaortegagarcia.com\/wp-content\/uploads\/2025\/03\/Screenshot-2023-08-03-at-17.26.27-8x12.png 8w\" sizes=\"(max-width: 333px) 100vw, 333px\" \/>\t\t\t\t\t\t\t\t<\/a>\n\t\t\t\t\t\t\t\t\t\t\t\t\t\t\t<\/div>\n\t\t\t\t<\/div>\n\t\t\t\t<\/div>\n\t\t\t\t\t<\/div>\n\t\t\t\t<\/div>\n\t\t<div class=\"elementor-element elementor-element-25b6b97 e-flex e-con-boxed e-con e-parent\" data-id=\"25b6b97\" data-element_type=\"container\">\n\t\t\t\t\t<div class=\"e-con-inner\">\n\t\t<div class=\"elementor-element elementor-element-ffd91be e-con-full e-flex e-con e-child\" data-id=\"ffd91be\" data-element_type=\"container\">\n\t\t\t\t<div class=\"elementor-element elementor-element-2304cdf elementor-widget elementor-widget-image\" data-id=\"2304cdf\" data-element_type=\"widget\" data-widget_type=\"image.default\">\n\t\t\t\t<div class=\"elementor-widget-container\">\n\t\t\t\t\t\t\t\t\t\t\t\t\t\t\t\t<a href=\"https:\/\/www.amazon.com\/dp\/B08BWZF3JS\">\n\t\t\t\t\t\t\t<img decoding=\"async\" width=\"300\" height=\"479\" src=\"https:\/\/mariaortegagarcia.com\/wp-content\/uploads\/2025\/03\/10-copy.jpg\" class=\"attachment-large size-large wp-image-174\" alt=\"\" srcset=\"https:\/\/mariaortegagarcia.com\/wp-content\/uploads\/2025\/03\/10-copy.jpg 300w, https:\/\/mariaortegagarcia.com\/wp-content\/uploads\/2025\/03\/10-copy-188x300.jpg 188w, https:\/\/mariaortegagarcia.com\/wp-content\/uploads\/2025\/03\/10-copy-8x12.jpg 8w\" sizes=\"(max-width: 300px) 100vw, 300px\" \/>\t\t\t\t\t\t\t\t<\/a>\n\t\t\t\t\t\t\t\t\t\t\t\t\t\t\t<\/div>\n\t\t\t\t<\/div>\n\t\t\t\t<\/div>\n\t\t<div class=\"elementor-element elementor-element-a6d7b2f e-con-full e-flex e-con e-child\" data-id=\"a6d7b2f\" data-element_type=\"container\">\n\t\t\t\t<div class=\"elementor-element elementor-element-e3f972c elementor-widget elementor-widget-heading\" data-id=\"e3f972c\" data-element_type=\"widget\" data-widget_type=\"heading.default\">\n\t\t\t\t<div class=\"elementor-widget-container\">\n\t\t\t\t\t<h4 class=\"elementor-heading-title elementor-size-default\">Weaving Words: The Alchemy of Languages<\/h4>\t\t\t\t<\/div>\n\t\t\t\t<\/div>\n\t\t\t\t<div class=\"elementor-element elementor-element-1b802cb elementor-widget elementor-widget-text-editor\" data-id=\"1b802cb\" data-element_type=\"widget\" data-widget_type=\"text-editor.default\">\n\t\t\t\t<div class=\"elementor-widget-container\">\n\t\t\t\t\t\t\t\t\t<p>This book presents the idea of learning a language by focusing less on your brain and more on your heart. This is the missing link to speaking any language with and beyond the point of fluency. The content of the book is based on modern neuroeducation practices and linguistic research. It explores the potential for learning where the brain is not the only part of our body running the show. However, this book is not academic and has a strong poetic voice that will speak to your heart rather than just your mind.<\/p><p>Price:\u00a0<b>$5.99<\/b>\u00a0as ebook or<b>\u00a0$14.19<\/b>\u00a0as\u00a0paperback<\/p>\t\t\t\t\t\t\t\t<\/div>\n\t\t\t\t<\/div>\n\t\t\t\t<div class=\"elementor-element elementor-element-e902b42 elementor-align-center elementor-widget elementor-widget-button\" data-id=\"e902b42\" data-element_type=\"widget\" data-widget_type=\"button.default\">\n\t\t\t\t<div class=\"elementor-widget-container\">\n\t\t\t\t\t\t\t\t\t<div class=\"elementor-button-wrapper\">\n\t\t\t\t\t<a class=\"elementor-button elementor-button-link elementor-size-sm\" href=\"https:\/\/www.amazon.com\/dp\/B08BWZF3JS\" target=\"_blank\">\n\t\t\t\t\t\t<span class=\"elementor-button-content-wrapper\">\n\t\t\t\t\t\t\t\t\t<span class=\"elementor-button-text\">Buy from Amazon<\/span>\n\t\t\t\t\t<\/span>\n\t\t\t\t\t<\/a>\n\t\t\t\t<\/div>\n\t\t\t\t\t\t\t\t<\/div>\n\t\t\t\t<\/div>\n\t\t\t\t<\/div>\n\t\t\t\t\t<\/div>\n\t\t\t\t<\/div>\n\t\t<div class=\"elementor-element elementor-element-73c20a8 e-flex e-con-boxed e-con e-parent\" data-id=\"73c20a8\" data-element_type=\"container\" data-settings=\"{&quot;background_background&quot;:&quot;classic&quot;}\">\n\t\t\t\t\t<div class=\"e-con-inner\">\n\t\t\t\t<div class=\"elementor-element elementor-element-ee3236c elementor-widget elementor-widget-heading\" data-id=\"ee3236c\" data-element_type=\"widget\" data-widget_type=\"heading.default\">\n\t\t\t\t<div class=\"elementor-widget-container\">\n\t\t\t\t\t<h2 class=\"elementor-heading-title elementor-size-default\">Books for learners of Spanish<\/h2>\t\t\t\t<\/div>\n\t\t\t\t<\/div>\n\t\t\t\t<div class=\"elementor-element elementor-element-d93df1f elementor-widget elementor-widget-text-editor\" data-id=\"d93df1f\" data-element_type=\"widget\" data-widget_type=\"text-editor.default\">\n\t\t\t\t<div class=\"elementor-widget-container\">\n\t\t\t\t\t\t\t\t\t<p><i>Embodied Spanish Book Series\u00a0is a range of books and workbooks for Spanish language learners. With an embodied and holistic approach based on creativity and emotion, these learning materials are a fantastic addition to any Spanish practice.\u00a0<\/i><\/p>\t\t\t\t\t\t\t\t<\/div>\n\t\t\t\t<\/div>\n\t\t\t\t\t<\/div>\n\t\t\t\t<\/div>\n\t\t<div class=\"elementor-element elementor-element-37418e4 e-flex e-con-boxed e-con e-parent\" data-id=\"37418e4\" data-element_type=\"container\">\n\t\t\t\t\t<div class=\"e-con-inner\">\n\t\t<div class=\"elementor-element elementor-element-42af7d1 e-con-full e-flex e-con e-child\" data-id=\"42af7d1\" data-element_type=\"container\">\n\t\t\t\t<div class=\"elementor-element elementor-element-f56fd06 elementor-widget elementor-widget-heading\" data-id=\"f56fd06\" data-element_type=\"widget\" data-widget_type=\"heading.default\">\n\t\t\t\t<div class=\"elementor-widget-container\">\n\t\t\t\t\t<h4 class=\"elementor-heading-title elementor-size-default\">Pr\u00e1ctica de Espa\u00f1ol (Cuaderno de trabajo)\n<\/h4>\t\t\t\t<\/div>\n\t\t\t\t<\/div>\n\t\t\t\t<div class=\"elementor-element elementor-element-499643b elementor-widget elementor-widget-text-editor\" data-id=\"499643b\" data-element_type=\"widget\" data-widget_type=\"text-editor.default\">\n\t\t\t\t<div class=\"elementor-widget-container\">\n\t\t\t\t\t\t\t\t\t<p><a href=\"https:\/\/payhip.com\/b\/oZW5a\"><b><i>Pr\u00e1ctica de Espa\u00f1ol<\/i><\/b><b>\u00a0<\/b><\/a>es un cuaderno de trabajo introspectivo dirigido a ayudarte a crear un h\u00e1bito de pr\u00e1ctica de espa\u00f1ol.<\/p><p>Mediante la lectura explicativa de los textos y los pies de escritura introspectiva o journaling, este cuaderno te guiar\u00e1 hacia la creaci\u00f3n de un h\u00e1bito sostenible, exitoso y placentero. El cuaderno est\u00e1 dividido en pr\u00e1cticas diarias de trabajo. 25 d\u00edas de exploraci\u00f3n de tu pr\u00e1ctica de espa\u00f1ol orientada a transformar tu pr\u00e1ctica actual de espa\u00f1ol, en una pr\u00e1ctica enriquecedora, fruct\u00edfera y fluida.\u00a0<br \/><i>Escrito \u00edntegramente en espa\u00f1ol. El nivel m\u00ednimo de espa\u00f1ol requerido para beneficiarse de las pr\u00e1cticas es intermedio o A2. Son 70 p\u00e1ginas, PDF.<\/i><\/p><p>Precio: 15\u20ac<\/p>\t\t\t\t\t\t\t\t<\/div>\n\t\t\t\t<\/div>\n\t\t\t\t<div class=\"elementor-element elementor-element-d270137 elementor-align-center elementor-widget elementor-widget-button\" data-id=\"d270137\" data-element_type=\"widget\" data-widget_type=\"button.default\">\n\t\t\t\t<div class=\"elementor-widget-container\">\n\t\t\t\t\t\t\t\t\t<div class=\"elementor-button-wrapper\">\n\t\t\t\t\t<a class=\"elementor-button elementor-button-link elementor-size-sm\" href=\"https:\/\/payhip.com\/b\/oZW5a\" target=\"_blank\">\n\t\t\t\t\t\t<span class=\"elementor-button-content-wrapper\">\n\t\t\t\t\t\t\t\t\t<span class=\"elementor-button-text\">I want it<\/span>\n\t\t\t\t\t<\/span>\n\t\t\t\t\t<\/a>\n\t\t\t\t<\/div>\n\t\t\t\t\t\t\t\t<\/div>\n\t\t\t\t<\/div>\n\t\t\t\t<\/div>\n\t\t<div class=\"elementor-element elementor-element-87d163a e-con-full e-flex e-con e-child\" data-id=\"87d163a\" data-element_type=\"container\">\n\t\t\t\t<div class=\"elementor-element elementor-element-e3902d5 elementor-widget elementor-widget-image\" data-id=\"e3902d5\" data-element_type=\"widget\" data-widget_type=\"image.default\">\n\t\t\t\t<div class=\"elementor-widget-container\">\n\t\t\t\t\t\t\t\t\t\t\t\t\t\t\t<img loading=\"lazy\" decoding=\"async\" width=\"466\" height=\"465\" src=\"https:\/\/mariaortegagarcia.com\/wp-content\/uploads\/2025\/03\/Practica-de-espanol.png\" class=\"attachment-large size-large wp-image-175\" alt=\"\" srcset=\"https:\/\/mariaortegagarcia.com\/wp-content\/uploads\/2025\/03\/Practica-de-espanol.png 466w, https:\/\/mariaortegagarcia.com\/wp-content\/uploads\/2025\/03\/Practica-de-espanol-300x300.png 300w, https:\/\/mariaortegagarcia.com\/wp-content\/uploads\/2025\/03\/Practica-de-espanol-150x150.png 150w, https:\/\/mariaortegagarcia.com\/wp-content\/uploads\/2025\/03\/Practica-de-espanol-12x12.png 12w\" sizes=\"(max-width: 466px) 100vw, 466px\" \/>\t\t\t\t\t\t\t\t\t\t\t\t\t\t\t<\/div>\n\t\t\t\t<\/div>\n\t\t\t\t<\/div>\n\t\t\t\t\t<\/div>\n\t\t\t\t<\/div>\n\t\t<div class=\"elementor-element elementor-element-b592684 e-flex e-con-boxed e-con e-parent\" data-id=\"b592684\" data-element_type=\"container\">\n\t\t\t\t\t<div class=\"e-con-inner\">\n\t\t<div class=\"elementor-element elementor-element-d2030a8 e-con-full e-flex e-con e-child\" data-id=\"d2030a8\" data-element_type=\"container\">\n\t\t\t\t<div class=\"elementor-element elementor-element-4254c1e elementor-widget elementor-widget-image\" data-id=\"4254c1e\" data-element_type=\"widget\" data-widget_type=\"image.default\">\n\t\t\t\t<div class=\"elementor-widget-container\">\n\t\t\t\t\t\t\t\t\t\t\t\t\t\t\t<img loading=\"lazy\" decoding=\"async\" width=\"270\" height=\"250\" src=\"https:\/\/mariaortegagarcia.com\/wp-content\/uploads\/2025\/03\/baztan_ebook-270x250-1.png\" class=\"attachment-large size-large wp-image-176\" alt=\"\" srcset=\"https:\/\/mariaortegagarcia.com\/wp-content\/uploads\/2025\/03\/baztan_ebook-270x250-1.png 270w, https:\/\/mariaortegagarcia.com\/wp-content\/uploads\/2025\/03\/baztan_ebook-270x250-1-13x12.png 13w\" sizes=\"(max-width: 270px) 100vw, 270px\" \/>\t\t\t\t\t\t\t\t\t\t\t\t\t\t\t<\/div>\n\t\t\t\t<\/div>\n\t\t\t\t<\/div>\n\t\t<div class=\"elementor-element elementor-element-7eee240 e-con-full e-flex e-con e-child\" data-id=\"7eee240\" data-element_type=\"container\">\n\t\t\t\t<div class=\"elementor-element elementor-element-c436466 elementor-widget elementor-widget-heading\" data-id=\"c436466\" data-element_type=\"widget\" data-widget_type=\"heading.default\">\n\t\t\t\t<div class=\"elementor-widget-container\">\n\t\t\t\t\t<h4 class=\"elementor-heading-title elementor-size-default\">Trilog\u00eda de Bazt\u00e1n (Watching Guide)<\/h4>\t\t\t\t<\/div>\n\t\t\t\t<\/div>\n\t\t\t\t<div class=\"elementor-element elementor-element-eb75d5c elementor-widget elementor-widget-text-editor\" data-id=\"eb75d5c\" data-element_type=\"widget\" data-widget_type=\"text-editor.default\">\n\t\t\t\t<div class=\"elementor-widget-container\">\n\t\t\t\t\t\t\t\t\t<p>A 46-page guide for Spanish learners who watch the<b>\u00a0Bazt\u00e1n Trilogy series<\/b>\u00a0<i>(El guardi\u00e1n invisible, El legado en los huesos<\/i>\u00a0and\u00a0<i>Ofrenda a la tormenta<\/i>) by Dolores Redondo (available in Netflix).<\/p><p>This watching guide will allow you to deepen in the Spanish language through Basque mythology and folklore.\u00a0<\/p><p>It is aimed at\u00a0intermediate to advanced\u00a0students.<\/p><p>In it, you will find a wide range of materials, from videos to watch with its transcription, to grammar in the context of the story, vocabulary, reflection prompts and cultural heritage.<\/p><p><b>Price: 10\u20ac<\/b><\/p>\t\t\t\t\t\t\t\t<\/div>\n\t\t\t\t<\/div>\n\t\t\t\t<div class=\"elementor-element elementor-element-846ee1c elementor-align-center elementor-widget elementor-widget-button\" data-id=\"846ee1c\" data-element_type=\"widget\" data-widget_type=\"button.default\">\n\t\t\t\t<div class=\"elementor-widget-container\">\n\t\t\t\t\t\t\t\t\t<div class=\"elementor-button-wrapper\">\n\t\t\t\t\t<a class=\"elementor-button elementor-button-link elementor-size-sm\" href=\"https:\/\/payhip.com\/b\/eX5M\" target=\"_blank\">\n\t\t\t\t\t\t<span class=\"elementor-button-content-wrapper\">\n\t\t\t\t\t\t\t\t\t<span class=\"elementor-button-text\">I want it<\/span>\n\t\t\t\t\t<\/span>\n\t\t\t\t\t<\/a>\n\t\t\t\t<\/div>\n\t\t\t\t\t\t\t\t<\/div>\n\t\t\t\t<\/div>\n\t\t\t\t<\/div>\n\t\t\t\t\t<\/div>\n\t\t\t\t<\/div>\n\t\t<div class=\"elementor-element elementor-element-b6a03c8 e-flex e-con-boxed e-con e-parent\" data-id=\"b6a03c8\" data-element_type=\"container\">\n\t\t\t\t\t<div class=\"e-con-inner\">\n\t\t<div class=\"elementor-element elementor-element-ca8046f e-con-full e-flex e-con e-child\" data-id=\"ca8046f\" data-element_type=\"container\">\n\t\t\t\t<div class=\"elementor-element elementor-element-e14730b elementor-widget elementor-widget-heading\" data-id=\"e14730b\" data-element_type=\"widget\" data-widget_type=\"heading.default\">\n\t\t\t\t<div class=\"elementor-widget-container\">\n\t\t\t\t\t<h4 class=\"elementor-heading-title elementor-size-default\">Spanish Through Poetry (Workbook)<\/h4>\t\t\t\t<\/div>\n\t\t\t\t<\/div>\n\t\t\t\t<div class=\"elementor-element elementor-element-a88d738 elementor-widget elementor-widget-text-editor\" data-id=\"a88d738\" data-element_type=\"widget\" data-widget_type=\"text-editor.default\">\n\t\t\t\t<div class=\"elementor-widget-container\">\n\t\t\t\t\t\t\t\t\t<p>In this bilingual book you will find:<\/p><ul><li style=\"list-style-type: none;\"><ul><li>\u25cf Nine poems in Spanish with its English translation.<\/li><li>\u25cf Five language points that appear in every poem.<\/li><li>\u25cf Four literary devices.<\/li><li>\u25cf Short lists of vocabulary from every poem.<\/li><li>\u25cf Eight prompts of creative writing that will inspire you to put the vocabulary, grammar structures and literary devices into practice.<\/li><\/ul><\/li><\/ul><p>If you\u2019re learning Spanish and enjoy reading, this is the book you need to rekindle your passion for the language and take your Spanish to the next level!<\/p><p><b>Price: 30\u20ac<\/b><\/p>\t\t\t\t\t\t\t\t<\/div>\n\t\t\t\t<\/div>\n\t\t\t\t<div class=\"elementor-element elementor-element-98092e2 elementor-align-center elementor-widget elementor-widget-button\" data-id=\"98092e2\" data-element_type=\"widget\" data-widget_type=\"button.default\">\n\t\t\t\t<div class=\"elementor-widget-container\">\n\t\t\t\t\t\t\t\t\t<div class=\"elementor-button-wrapper\">\n\t\t\t\t\t<a class=\"elementor-button elementor-button-link elementor-size-sm\" href=\"https:\/\/maria-ortega.gumroad.com\/l\/stp_1\" target=\"_blank\">\n\t\t\t\t\t\t<span class=\"elementor-button-content-wrapper\">\n\t\t\t\t\t\t\t\t\t<span class=\"elementor-button-text\">I want it<\/span>\n\t\t\t\t\t<\/span>\n\t\t\t\t\t<\/a>\n\t\t\t\t<\/div>\n\t\t\t\t\t\t\t\t<\/div>\n\t\t\t\t<\/div>\n\t\t\t\t<\/div>\n\t\t<div class=\"elementor-element elementor-element-83cf77c e-con-full e-flex e-con e-child\" data-id=\"83cf77c\" data-element_type=\"container\">\n\t\t\t\t<div class=\"elementor-element elementor-element-5b604ab elementor-widget elementor-widget-image\" data-id=\"5b604ab\" data-element_type=\"widget\" data-widget_type=\"image.default\">\n\t\t\t\t<div class=\"elementor-widget-container\">\n\t\t\t\t\t\t\t\t\t\t\t\t\t\t\t<img loading=\"lazy\" decoding=\"async\" width=\"299\" height=\"396\" src=\"https:\/\/mariaortegagarcia.com\/wp-content\/uploads\/2025\/03\/smartmockups_jmw90alw.jpg\" class=\"attachment-large size-large wp-image-177\" alt=\"\" srcset=\"https:\/\/mariaortegagarcia.com\/wp-content\/uploads\/2025\/03\/smartmockups_jmw90alw.jpg 299w, https:\/\/mariaortegagarcia.com\/wp-content\/uploads\/2025\/03\/smartmockups_jmw90alw-227x300.jpg 227w, https:\/\/mariaortegagarcia.com\/wp-content\/uploads\/2025\/03\/smartmockups_jmw90alw-9x12.jpg 9w\" sizes=\"(max-width: 299px) 100vw, 299px\" \/>\t\t\t\t\t\t\t\t\t\t\t\t\t\t\t<\/div>\n\t\t\t\t<\/div>\n\t\t\t\t<\/div>\n\t\t\t\t\t<\/div>\n\t\t\t\t<\/div>\n\t\t\t\t<\/div>","protected":false},"excerpt":{"rendered":"<p>Books &amp; Writing Writing is like breathing to me. No matter the format, whether it be poetry, prose, or essay, it\u2019s a conversation between me and my heart, soul, or [&hellip;]<\/p>","protected":false},"author":1,"featured_media":0,"parent":0,"menu_order":0,"comment_status":"closed","ping_status":"closed","template":"elementor_header_footer","meta":{"_price":"","_stock":"","_tribe_ticket_header":"","_tribe_default_ticket_provider":"","_ticket_start_date":"","_ticket_end_date":"","_tribe_ticket_show_description":"","_tribe_ticket_show_not_going":false,"_tribe_ticket_use_global_stock":"","_tribe_ticket_global_stock_level":"","_global_stock_mode":"","_global_stock_cap":"","_tribe_rsvp_for_event":"","_tribe_ticket_going_count":"","_tribe_ticket_not_going_count":"","_tribe_tickets_list":"[]","_tribe_ticket_has_attendee_info_fields":false,"footnotes":"","_tec_slr_enabled":"","_tec_slr_layout":""},"class_list":["post-171","page","type-page","status-publish","czr-hentry"],"aioseo_notices":[],"ticketed":false,"_links":{"self":[{"href":"https:\/\/mariaortegagarcia.com\/es\/wp-json\/wp\/v2\/pages\/171","targetHints":{"allow":["GET"]}}],"collection":[{"href":"https:\/\/mariaortegagarcia.com\/es\/wp-json\/wp\/v2\/pages"}],"about":[{"href":"https:\/\/mariaortegagarcia.com\/es\/wp-json\/wp\/v2\/types\/page"}],"author":[{"embeddable":true,"href":"https:\/\/mariaortegagarcia.com\/es\/wp-json\/wp\/v2\/users\/1"}],"replies":[{"embeddable":true,"href":"https:\/\/mariaortegagarcia.com\/es\/wp-json\/wp\/v2\/comments?post=171"}],"version-history":[{"count":19,"href":"https:\/\/mariaortegagarcia.com\/es\/wp-json\/wp\/v2\/pages\/171\/revisions"}],"predecessor-version":[{"id":873,"href":"https:\/\/mariaortegagarcia.com\/es\/wp-json\/wp\/v2\/pages\/171\/revisions\/873"}],"wp:attachment":[{"href":"https:\/\/mariaortegagarcia.com\/es\/wp-json\/wp\/v2\/media?parent=171"}],"curies":[{"name":"wp","href":"https:\/\/api.w.org\/{rel}","templated":true}]}}