{"id":182,"date":"2025-03-15T14:26:04","date_gmt":"2025-03-15T14:26:04","guid":{"rendered":"https:\/\/mariaortegagarcia.com\/?page_id=182"},"modified":"2025-03-15T14:30:39","modified_gmt":"2025-03-15T14:30:39","slug":"info-about-dele","status":"publish","type":"page","link":"https:\/\/mariaortegagarcia.com\/es\/info-about-dele\/","title":{"rendered":"DELE Preparation"},"content":{"rendered":"<div data-elementor-type=\"wp-page\" data-elementor-id=\"182\" class=\"elementor elementor-182\" data-elementor-post-type=\"page\">\n\t\t\t\t<div class=\"elementor-element elementor-element-8aff13f e-flex e-con-boxed e-con e-parent\" data-id=\"8aff13f\" data-element_type=\"container\">\n\t\t\t\t\t<div class=\"e-con-inner\">\n\t\t\t\t<div class=\"elementor-element elementor-element-a800334 elementor-widget elementor-widget-image\" data-id=\"a800334\" data-element_type=\"widget\" data-widget_type=\"image.default\">\n\t\t\t\t<div class=\"elementor-widget-container\">\n\t\t\t\t\t\t\t\t\t\t\t\t\t\t\t<img fetchpriority=\"high\" decoding=\"async\" width=\"1024\" height=\"438\" src=\"https:\/\/mariaortegagarcia.com\/wp-content\/uploads\/2025\/03\/Headers_New-copy-1024x438.png\" class=\"attachment-large size-large wp-image-185\" alt=\"\" srcset=\"https:\/\/mariaortegagarcia.com\/wp-content\/uploads\/2025\/03\/Headers_New-copy-1024x438.png 1024w, https:\/\/mariaortegagarcia.com\/wp-content\/uploads\/2025\/03\/Headers_New-copy-300x128.png 300w, https:\/\/mariaortegagarcia.com\/wp-content\/uploads\/2025\/03\/Headers_New-copy-768x328.png 768w, https:\/\/mariaortegagarcia.com\/wp-content\/uploads\/2025\/03\/Headers_New-copy-18x8.png 18w, https:\/\/mariaortegagarcia.com\/wp-content\/uploads\/2025\/03\/Headers_New-copy.png 1170w\" sizes=\"(max-width: 1024px) 100vw, 1024px\" \/>\t\t\t\t\t\t\t\t\t\t\t\t\t\t\t<\/div>\n\t\t\t\t<\/div>\n\t\t\t\t<div class=\"elementor-element elementor-element-190312e elementor-widget elementor-widget-text-editor\" data-id=\"190312e\" data-element_type=\"widget\" data-widget_type=\"text-editor.default\">\n\t\t\t\t<div class=\"elementor-widget-container\">\n\t\t\t\t\t\t\t\t\t<h4 style=\"text-align: center;\">I am a both a DELE certified instructor and examiner so I know extremely well what&#8217;s required to succeed in the exam (including how to prepare and what to focus on during the preparation). I have been preparing students for many years and the results speak for themselves!<\/h4>\t\t\t\t\t\t\t\t<\/div>\n\t\t\t\t<\/div>\n\t\t\t\t<div class=\"elementor-element elementor-element-0bc4627 elementor-widget elementor-widget-heading\" data-id=\"0bc4627\" data-element_type=\"widget\" data-widget_type=\"heading.default\">\n\t\t\t\t<div class=\"elementor-widget-container\">\n\t\t\t\t\t<h2 class=\"elementor-heading-title elementor-size-default\">What is DELE?<\/h2>\t\t\t\t<\/div>\n\t\t\t\t<\/div>\n\t\t\t\t<div class=\"elementor-element elementor-element-72bb32b elementor-widget elementor-widget-text-editor\" data-id=\"72bb32b\" data-element_type=\"widget\" data-widget_type=\"text-editor.default\">\n\t\t\t\t<div class=\"elementor-widget-container\">\n\t\t\t\t\t\t\t\t\t<p>DELE (Diplomas in Spanish as a Foreign Language) are\u00a0<b>internationally<\/b>\u00a0recognized qualifications that prove<br \/>your level of Spanish proficiency to\u00a0official organizations\u00a0(or employers).<\/p><p>If you plan to pass the DELE exam, it\u2019s important to:<\/p><ol><li>Know the structure of the exam.<\/li><li>Know your level and the level you want to achieve\/pass.<\/li><li>Work hard and practice.<\/li><\/ol><p>In my DELE programs, you will prepare the four sections of the test as well as test-taking skills (whilst focusing on the specific tasks for<br \/>the exam). We will start from your current level of Spanish and work on mastering the different tasks to polish what is important for succeeding in the exam.<\/p><p>In the consultation, I will assess your current level of Spanish, and we will see if it\u2019s viable to achieve the level of DELE you are initially aiming for.<\/p>\t\t\t\t\t\t\t\t<\/div>\n\t\t\t\t<\/div>\n\t\t\t\t\t<\/div>\n\t\t\t\t<\/div>\n\t\t<div class=\"elementor-element elementor-element-0dba190 e-flex e-con-boxed e-con e-parent\" data-id=\"0dba190\" data-element_type=\"container\">\n\t\t\t\t\t<div class=\"e-con-inner\">\n\t\t\t\t<div class=\"elementor-element elementor-element-54b173b elementor-widget elementor-widget-heading\" data-id=\"54b173b\" data-element_type=\"widget\" data-widget_type=\"heading.default\">\n\t\t\t\t<div class=\"elementor-widget-container\">\n\t\t\t\t\t<h2 class=\"elementor-heading-title elementor-size-default\">Assessing, Planning &amp; Strategizing<\/h2>\t\t\t\t<\/div>\n\t\t\t\t<\/div>\n\t\t\t\t\t<\/div>\n\t\t\t\t<\/div>\n\t\t<div class=\"elementor-element elementor-element-d547684 e-flex e-con-boxed e-con e-parent\" data-id=\"d547684\" data-element_type=\"container\">\n\t\t\t\t\t<div class=\"e-con-inner\">\n\t\t<div class=\"elementor-element elementor-element-b9c6719 e-con-full e-flex e-con e-child\" data-id=\"b9c6719\" data-element_type=\"container\">\n\t\t\t\t<div class=\"elementor-element elementor-element-0705843 elementor-widget elementor-widget-text-editor\" data-id=\"0705843\" data-element_type=\"widget\" data-widget_type=\"text-editor.default\">\n\t\t\t\t<div class=\"elementor-widget-container\">\n\t\t\t\t\t\t\t\t\t<p>You are an independent learner and want to prepare for the exam on your own or continue working with your non-certified DELE examiner teachers, but you want to optimize your time with them.<\/p><ul><li><b><\/b><b>90 min DELE\u00a0(1)<\/b>\u00a0preparation class<\/li><li><b><\/b><b>One full exam\u00a0<\/b>that you will receive two days before our scheduled class.<\/li><li><b><\/b><b>Study materials<\/b>\u00a0(vocabulary + grammar related to the mock exam)<\/li><li>A\u00a0<b>week of asynchronous work\u00a0(2)\u00a0<\/b>involving corrections, explanations, feedback and guidance via email and Whatsapp (from the day of our scheduled class)<\/li><\/ul><p>Price: 150\u20ac<\/p>\t\t\t\t\t\t\t\t<\/div>\n\t\t\t\t<\/div>\n\t\t\t\t<div class=\"elementor-element elementor-element-53a3551 elementor-align-center elementor-widget elementor-widget-button\" data-id=\"53a3551\" data-element_type=\"widget\" data-widget_type=\"button.default\">\n\t\t\t\t<div class=\"elementor-widget-container\">\n\t\t\t\t\t\t\t\t\t<div class=\"elementor-button-wrapper\">\n\t\t\t\t\t<a class=\"elementor-button elementor-button-link elementor-size-sm\" href=\"https:\/\/calendar.google.com\/calendar\/u\/0\/appointments\/schedules\/AcZssZ0EPjIBB1Tt8xxPj-inG8wwPl0JGYpigVaNc2p3Gf1AJCCVKkLV6QI3gPAlvET8Xf0gL1nlOY4Z\">\n\t\t\t\t\t\t<span class=\"elementor-button-content-wrapper\">\n\t\t\t\t\t\t\t\t\t<span class=\"elementor-button-text\">BOOK THIS STRATEGIZING SESSION<\/span>\n\t\t\t\t\t<\/span>\n\t\t\t\t\t<\/a>\n\t\t\t\t<\/div>\n\t\t\t\t\t\t\t\t<\/div>\n\t\t\t\t<\/div>\n\t\t\t\t<\/div>\n\t\t<div class=\"elementor-element elementor-element-7c86f2a e-con-full e-flex e-con e-child\" data-id=\"7c86f2a\" data-element_type=\"container\">\n\t\t\t\t<div class=\"elementor-element elementor-element-6d4a093 elementor-widget elementor-widget-text-editor\" data-id=\"6d4a093\" data-element_type=\"widget\" data-widget_type=\"text-editor.default\">\n\t\t\t\t<div class=\"elementor-widget-container\">\n\t\t\t\t\t\t\t\t\t<p>(1) During our 1:1 we&#8217;ll&#8230;<\/p><ul><li>assess your current level (in the all the different areas)<\/li><li>design your study plan, including what you need to know in terms of grammar and vocabulary, recommended working materials, etc.<\/li><li>offer guidance + advice about the preparation phase, exam performance\u2026<\/li><\/ul><p>(2) During our asynchronous time you can&#8230;<\/p><ul><li>Receive feedback, corrections and guidance\u00a0on the writing tasks.<\/li><li>Receive feedback, corrections and guidance on the oral presentation task.<\/li><li>Ask me any exam-related questions. These include grammar questions, use of language, exam questions, advice and guide about how to improve on your skills.<\/li><\/ul>\t\t\t\t\t\t\t\t<\/div>\n\t\t\t\t<\/div>\n\t\t\t\t<\/div>\n\t\t\t\t\t<\/div>\n\t\t\t\t<\/div>\n\t\t<div class=\"elementor-element elementor-element-8745af8 e-flex e-con-boxed e-con e-parent\" data-id=\"8745af8\" data-element_type=\"container\">\n\t\t\t\t\t<div class=\"e-con-inner\">\n\t\t\t\t<div class=\"elementor-element elementor-element-25b744b elementor-widget elementor-widget-heading\" data-id=\"25b744b\" data-element_type=\"widget\" data-widget_type=\"heading.default\">\n\t\t\t\t<div class=\"elementor-widget-container\">\n\t\t\t\t\t<h2 class=\"elementor-heading-title elementor-size-default\">What is DELE?<\/h2>\t\t\t\t<\/div>\n\t\t\t\t<\/div>\n\t\t\t\t\t<\/div>\n\t\t\t\t<\/div>\n\t\t<div class=\"elementor-element elementor-element-a07592d e-flex e-con-boxed e-con e-parent\" data-id=\"a07592d\" data-element_type=\"container\">\n\t\t\t\t\t<div class=\"e-con-inner\">\n\t\t\t\t<div class=\"elementor-element elementor-element-61c97c3 elementor-widget elementor-widget-text-editor\" data-id=\"61c97c3\" data-element_type=\"widget\" data-widget_type=\"text-editor.default\">\n\t\t\t\t<div class=\"elementor-widget-container\">\n\t\t\t\t\t\t\t\t\t<p>I am ALSO offering guided exam preparation and a\u00a0<b>personalized<\/b>\u00a0program. It is a combination of focused\u00a0<b>one-to-ones<\/b>\u00a0(online via video sessions to work on grammar and conversational speaking tasks) and ongoing\u00a0<b>asynchronous<\/b>\u00a0work via email.<\/p><p>Prepare for this official diploma from home and at your own pace with a personalized training course designed specifically for your DELE certification needs.<\/p><p><b>Levels<\/b>: A2 to C2.<\/p><p><b>Duration \/ Length<\/b>: A minimum of 4 weeks.<\/p><p>This course<b>\u00a0includes all the materials needed to prepare for the exam, so you don\u2019t need to spend money on textbooks or\u00a0<\/b>materials.<\/p><p><b>Teacher<\/b>:<\/p><ul><li style=\"list-style-type: none;\"><ul><li>10 years of experience preparing 100s of students for success with the DELE exam.<\/li><li>Certified teacher by Instituto Cervantes with ample experience in preparing and creating custom courses and materials.<\/li><li>10 years of experience as a DELE examiner (certified by Instituto Cervantes).<\/li><\/ul><\/li><\/ul><p><b>Structure of the course<\/b>:<\/p><ul><li style=\"list-style-type: none;\"><ul><li><i><\/i><i>Intensive training<\/i>\u00a0in each of the four tasks (written, conversation, listening comprehension, reading comprehension)<\/li><li><i><\/i><i>Correction and feedback<\/i>\u00a0for every task done (via email and\/or Zoom).<\/li><li>A complete mock exam weekly.<\/li><li>Homework is required to work on the grammar and vocabulary needed to meet the level.<\/li><\/ul><\/li><\/ul><p>PRICE per 1x 60-min weekly session: 70\u20ac<\/p>\t\t\t\t\t\t\t\t<\/div>\n\t\t\t\t<\/div>\n\t\t\t\t\t<\/div>\n\t\t\t\t<\/div>\n\t\t<div class=\"elementor-element elementor-element-0406f8d e-flex e-con-boxed e-con e-parent\" data-id=\"0406f8d\" data-element_type=\"container\">\n\t\t\t\t\t<div class=\"e-con-inner\">\n\t\t\t\t<div class=\"elementor-element elementor-element-9f295f0 elementor-align-center elementor-widget elementor-widget-button\" data-id=\"9f295f0\" data-element_type=\"widget\" data-widget_type=\"button.default\">\n\t\t\t\t<div class=\"elementor-widget-container\">\n\t\t\t\t\t\t\t\t\t<div class=\"elementor-button-wrapper\">\n\t\t\t\t\t<a class=\"elementor-button elementor-button-link elementor-size-sm\" href=\"https:\/\/mariaortegagarcia.com\/es\/contact\/\">\n\t\t\t\t\t\t<span class=\"elementor-button-content-wrapper\">\n\t\t\t\t\t\t\t\t\t<span class=\"elementor-button-text\">BOOK YOUR FREE CONSULTATION<\/span>\n\t\t\t\t\t<\/span>\n\t\t\t\t\t<\/a>\n\t\t\t\t<\/div>\n\t\t\t\t\t\t\t\t<\/div>\n\t\t\t\t<\/div>\n\t\t\t\t<div class=\"elementor-element elementor-element-e140984 elementor-widget elementor-widget-heading\" data-id=\"e140984\" data-element_type=\"widget\" data-widget_type=\"heading.default\">\n\t\t\t\t<div class=\"elementor-widget-container\">\n\t\t\t\t\t<h2 class=\"elementor-heading-title elementor-size-default\">What the students say...<\/h2>\t\t\t\t<\/div>\n\t\t\t\t<\/div>\n\t\t\t\t<div class=\"elementor-element elementor-element-fe50de2 elementor-testimonial--skin-default elementor-testimonial--layout-image_inline elementor-testimonial--align-center elementor-arrows-yes elementor-pagination-type-bullets elementor-widget elementor-widget-testimonial-carousel\" data-id=\"fe50de2\" data-element_type=\"widget\" data-settings=\"{&quot;show_arrows&quot;:&quot;yes&quot;,&quot;pagination&quot;:&quot;bullets&quot;,&quot;speed&quot;:500,&quot;autoplay&quot;:&quot;yes&quot;,&quot;autoplay_speed&quot;:5000,&quot;loop&quot;:&quot;yes&quot;,&quot;pause_on_hover&quot;:&quot;yes&quot;,&quot;pause_on_interaction&quot;:&quot;yes&quot;,&quot;space_between&quot;:{&quot;unit&quot;:&quot;px&quot;,&quot;size&quot;:10,&quot;sizes&quot;:[]},&quot;space_between_tablet&quot;:{&quot;unit&quot;:&quot;px&quot;,&quot;size&quot;:10,&quot;sizes&quot;:[]},&quot;space_between_mobile&quot;:{&quot;unit&quot;:&quot;px&quot;,&quot;size&quot;:10,&quot;sizes&quot;:[]}}\" data-widget_type=\"testimonial-carousel.default\">\n\t\t\t\t<div class=\"elementor-widget-container\">\n\t\t\t\t\t\t\t\t\t<div class=\"elementor-swiper\">\n\t\t\t\t\t<div class=\"elementor-main-swiper swiper\" role=\"region\" aria-roledescription=\"carousel\" aria-label=\"Slides\">\n\t\t\t\t<div class=\"swiper-wrapper\">\n\t\t\t\t\t\t\t\t\t\t\t<div class=\"swiper-slide\" role=\"group\" aria-roledescription=\"slide\">\n\t\t\t\t\t\t\t\t\t<div class=\"elementor-testimonial\">\n\t\t\t\t\t\t\t<div class=\"elementor-testimonial__content\">\n\t\t\t\t\t<div class=\"elementor-testimonial__text\">\n\t\t\t\t\t\tThanks to Maria, I felt prepared for and ultimately passed my C1 exam after about 3 months of working together. She had great insight into what the test administrators were looking for and provided me with invaluable feedback, particularly in the writing and speaking sections which I was initially most nervous about. She also shared several study materials with me that were of huge help in preparing for all sections of the test. On top of that, she helped me to overcome some of my anxiety that I\u2019ve experienced in my journey of speaking Spanish. I am incredibly grateful for her support! - April 2021\t\t\t\t\t<\/div>\n\t\t\t\t\t\t\t\t\t<\/div>\n\t\t\t\t\t\t<div class=\"elementor-testimonial__footer\">\n\t\t\t\t\t\t\t\t\t<div class=\"elementor-testimonial__image\">\n\t\t\t\t\t\t<img decoding=\"async\" src=\"https:\/\/mariaortegagarcia.com\/wp-content\/uploads\/2025\/03\/cropped-Maria-Ortega-Garcia.png\" alt=\"Marie Legrand\">\n\t\t\t\t\t\t\t\t\t\t\t<\/div>\n\t\t\t\t\t\t\t\t<cite class=\"elementor-testimonial__cite\"><span class=\"elementor-testimonial__name\">Marie Legrand<\/span><span class=\"elementor-testimonial__title\">DELE C1<\/span><\/cite>\t\t\t<\/div>\n\t\t<\/div>\n\t\t\t\t\t\t\t\t<\/div>\n\t\t\t\t\t\t\t\t\t\t\t<div class=\"swiper-slide\" role=\"group\" aria-roledescription=\"slide\">\n\t\t\t\t\t\t\t\t\t<div class=\"elementor-testimonial\">\n\t\t\t\t\t\t\t<div class=\"elementor-testimonial__content\">\n\t\t\t\t\t<div class=\"elementor-testimonial__text\">\n\t\t\t\t\t\t\"I have been taking Spanish classes with Mar\u00eda since 2015. I am impressed with her professionalism and her organized approach to the classes. She customizes her lessons to your needs and your level, and it is a very efficient and effective way to learn a language. My Spanish has improved in no small part to her classes. I passed my B2 exam with a good score, and I will continue my learning of this beautiful language with her.\" - October 2016\t\t\t\t\t<\/div>\n\t\t\t\t\t\t\t\t\t<\/div>\n\t\t\t\t\t\t<div class=\"elementor-testimonial__footer\">\n\t\t\t\t\t\t\t\t\t<div class=\"elementor-testimonial__image\">\n\t\t\t\t\t\t<img decoding=\"async\" src=\"https:\/\/mariaortegagarcia.com\/wp-content\/uploads\/2025\/03\/cropped-Maria-Ortega-Garcia.png\" alt=\"Ben Hsu\">\n\t\t\t\t\t\t\t\t\t\t\t<\/div>\n\t\t\t\t\t\t\t\t<cite class=\"elementor-testimonial__cite\"><span class=\"elementor-testimonial__name\">Ben Hsu<\/span><span class=\"elementor-testimonial__title\">DELE B2<\/span><\/cite>\t\t\t<\/div>\n\t\t<\/div>\n\t\t\t\t\t\t\t\t<\/div>\n\t\t\t\t\t\t\t\t\t\t\t<div class=\"swiper-slide\" role=\"group\" aria-roledescription=\"slide\">\n\t\t\t\t\t\t\t\t\t<div class=\"elementor-testimonial\">\n\t\t\t\t\t\t\t<div class=\"elementor-testimonial__content\">\n\t\t\t\t\t<div class=\"elementor-testimonial__text\">\n\t\t\t\t\t\tDELE B2\"Maria was a wonderful DELE A2 Exam tutor. She not only prepared me well, but was always positive, pleasant, warm, encouraging, supportive, and extremely patient. Our sessions were really enjoyable as well. I would highly recommend Maria to anyone wanting to prepare and pass the DELE A 2 Exam. I not only passed the DELE A 2 Exam I got the equivalent of an A grade.\" - April 2018\n\t\t\t\t\t<\/div>\n\t\t\t\t\t\t\t\t\t<\/div>\n\t\t\t\t\t\t<div class=\"elementor-testimonial__footer\">\n\t\t\t\t\t\t\t\t\t<div class=\"elementor-testimonial__image\">\n\t\t\t\t\t\t<img decoding=\"async\" src=\"https:\/\/mariaortegagarcia.com\/wp-content\/uploads\/2025\/03\/cropped-Maria-Ortega-Garcia.png\" alt=\"Sonia Silverman\">\n\t\t\t\t\t\t\t\t\t\t\t<\/div>\n\t\t\t\t\t\t\t\t<cite class=\"elementor-testimonial__cite\"><span class=\"elementor-testimonial__name\">Sonia Silverman<\/span><span class=\"elementor-testimonial__title\">DELE B2<\/span><\/cite>\t\t\t<\/div>\n\t\t<\/div>\n\t\t\t\t\t\t\t\t<\/div>\n\t\t\t\t\t\t\t\t\t\t\t<div class=\"swiper-slide\" role=\"group\" aria-roledescription=\"slide\">\n\t\t\t\t\t\t\t\t\t<div class=\"elementor-testimonial\">\n\t\t\t\t\t\t\t<div class=\"elementor-testimonial__content\">\n\t\t\t\t\t<div class=\"elementor-testimonial__text\">\n\t\t\t\t\t\tDELE A2\"Hace un a\u00f1o que tengo las clases con Maria, eso es la primera vez que hago un curso de espa\u00f1ol por Skype. Lo encontr\u00e9 de la mejor forma posible, es una experiencia diferente, m\u00e1s c\u00f3moda y pr\u00e1ctica. Empec\u00e9 a tener las clases como preparaci\u00f3n para DELE B2 (\u00a1lo pas\u00e9!), ahora seguimos teniendo clases en el nivel avanzado. Creo que el idioma espa\u00f1ol es s\u00faper dif\u00edcil, es tan f\u00e1cil mal interpretar y usar las palabras de una forma incorrecta o con errores. Encontr\u00e9 durante las clases que es muy importante entender la l\u00f3gica detr\u00e1s de la gram\u00e1tica, conocer diferentes contextos, eso es con lo que Mar\u00eda me ayud\u00f3 mucho. Me gusta su enfoque, que se basa en diversos ejemplos, situaciones, nuevas cosas que me permiten avanzar y tener buen ambiente durante de las clases. \" - August 2018\t\t\t\t\t<\/div>\n\t\t\t\t\t\t\t\t\t<\/div>\n\t\t\t\t\t\t<div class=\"elementor-testimonial__footer\">\n\t\t\t\t\t\t\t\t\t<div class=\"elementor-testimonial__image\">\n\t\t\t\t\t\t<img decoding=\"async\" src=\"https:\/\/mariaortegagarcia.com\/wp-content\/uploads\/2025\/03\/cropped-Maria-Ortega-Garcia.png\" alt=\"Alina Fesenko\">\n\t\t\t\t\t\t\t\t\t\t\t<\/div>\n\t\t\t\t\t\t\t\t<cite class=\"elementor-testimonial__cite\"><span class=\"elementor-testimonial__name\">Alina Fesenko<\/span><span class=\"elementor-testimonial__title\">DELE B2<\/span><\/cite>\t\t\t<\/div>\n\t\t<\/div>\n\t\t\t\t\t\t\t\t<\/div>\n\t\t\t\t\t\t\t\t\t<\/div>\n\t\t\t\t\t\t\t\t\t\t\t\t\t\t\t<div class=\"elementor-swiper-button elementor-swiper-button-prev\" role=\"button\" tabindex=\"0\" aria-label=\"Previous\">\n\t\t\t\t\t\t\t<svg aria-hidden=\"true\" class=\"e-font-icon-svg e-eicon-chevron-left\" viewbox=\"0 0 1000 1000\" xmlns=\"http:\/\/www.w3.org\/2000\/svg\"><path d=\"M646 125C629 125 613 133 604 142L308 442C296 454 292 471 292 487 292 504 296 521 308 533L604 854C617 867 629 875 646 875 663 875 679 871 692 858 704 846 713 829 713 812 713 796 708 779 692 767L438 487 692 225C700 217 708 204 708 187 708 171 704 154 692 142 675 129 663 125 646 125Z\"><\/path><\/svg>\t\t\t\t\t\t<\/div>\n\t\t\t\t\t\t<div class=\"elementor-swiper-button elementor-swiper-button-next\" role=\"button\" tabindex=\"0\" aria-label=\"Next\">\n\t\t\t\t\t\t\t<svg aria-hidden=\"true\" class=\"e-font-icon-svg e-eicon-chevron-right\" viewbox=\"0 0 1000 1000\" xmlns=\"http:\/\/www.w3.org\/2000\/svg\"><path d=\"M696 533C708 521 713 504 713 487 713 471 708 454 696 446L400 146C388 133 375 125 354 125 338 125 325 129 313 142 300 154 292 171 292 187 292 204 296 221 308 233L563 492 304 771C292 783 288 800 288 817 288 833 296 850 308 863 321 871 338 875 354 875 371 875 388 867 400 854L696 533Z\"><\/path><\/svg>\t\t\t\t\t\t<\/div>\n\t\t\t\t\t\t\t\t\t\t\t\t\t\t\t\t<div class=\"swiper-pagination\"><\/div>\n\t\t\t\t\t\t\t\t\t\t\t\t<\/div>\n\t\t\t\t<\/div>\n\t\t\t\t\t\t\t\t<\/div>\n\t\t\t\t<\/div>\n\t\t\t\t<div class=\"elementor-element elementor-element-43a3e3c elementor-align-center elementor-widget elementor-widget-button\" data-id=\"43a3e3c\" data-element_type=\"widget\" data-widget_type=\"button.default\">\n\t\t\t\t<div class=\"elementor-widget-container\">\n\t\t\t\t\t\t\t\t\t<div class=\"elementor-button-wrapper\">\n\t\t\t\t\t<a class=\"elementor-button elementor-button-link elementor-size-sm\" href=\"https:\/\/mariaortegagarcia.com\/es\/contact\/\">\n\t\t\t\t\t\t<span class=\"elementor-button-content-wrapper\">\n\t\t\t\t\t\t\t\t\t<span class=\"elementor-button-text\">CONTACT ME TO ENQUIRE ABOUT DELE PREPARATION<\/span>\n\t\t\t\t\t<\/span>\n\t\t\t\t\t<\/a>\n\t\t\t\t<\/div>\n\t\t\t\t\t\t\t\t<\/div>\n\t\t\t\t<\/div>\n\t\t\t\t\t<\/div>\n\t\t\t\t<\/div>\n\t\t\t\t<\/div>","protected":false},"excerpt":{"rendered":"<p>I am a both a DELE certified instructor and examiner so I know extremely well what&#8217;s required to succeed in the exam (including how to prepare and what to focus [&hellip;]<\/p>","protected":false},"author":1,"featured_media":0,"parent":0,"menu_order":0,"comment_status":"closed","ping_status":"closed","template":"elementor_header_footer","meta":{"_price":"","_stock":"","_tribe_ticket_header":"","_tribe_default_ticket_provider":"","_ticket_start_date":"","_ticket_end_date":"","_tribe_ticket_show_description":"","_tribe_ticket_show_not_going":false,"_tribe_ticket_use_global_stock":"","_tribe_ticket_global_stock_level":"","_global_stock_mode":"","_global_stock_cap":"","_tribe_rsvp_for_event":"","_tribe_ticket_going_count":"","_tribe_ticket_not_going_count":"","_tribe_tickets_list":"[]","_tribe_ticket_has_attendee_info_fields":false,"footnotes":"","_tec_slr_enabled":"","_tec_slr_layout":""},"class_list":["post-182","page","type-page","status-publish","czr-hentry"],"aioseo_notices":[],"ticketed":false,"_links":{"self":[{"href":"https:\/\/mariaortegagarcia.com\/es\/wp-json\/wp\/v2\/pages\/182","targetHints":{"allow":["GET"]}}],"collection":[{"href":"https:\/\/mariaortegagarcia.com\/es\/wp-json\/wp\/v2\/pages"}],"about":[{"href":"https:\/\/mariaortegagarcia.com\/es\/wp-json\/wp\/v2\/types\/page"}],"author":[{"embeddable":true,"href":"https:\/\/mariaortegagarcia.com\/es\/wp-json\/wp\/v2\/users\/1"}],"replies":[{"embeddable":true,"href":"https:\/\/mariaortegagarcia.com\/es\/wp-json\/wp\/v2\/comments?post=182"}],"version-history":[{"count":5,"href":"https:\/\/mariaortegagarcia.com\/es\/wp-json\/wp\/v2\/pages\/182\/revisions"}],"predecessor-version":[{"id":188,"href":"https:\/\/mariaortegagarcia.com\/es\/wp-json\/wp\/v2\/pages\/182\/revisions\/188"}],"wp:attachment":[{"href":"https:\/\/mariaortegagarcia.com\/es\/wp-json\/wp\/v2\/media?parent=182"}],"curies":[{"name":"wp","href":"https:\/\/api.w.org\/{rel}","templated":true}]}}