{"id":266,"date":"2025-03-16T21:01:59","date_gmt":"2025-03-16T21:01:59","guid":{"rendered":"https:\/\/mariaortegagarcia.com\/?page_id=266"},"modified":"2026-01-26T15:13:48","modified_gmt":"2026-01-26T14:13:48","slug":"consultoria-educativa-atencion-informada-trauma","status":"publish","type":"page","link":"https:\/\/mariaortegagarcia.com\/es\/consultoria-educativa-atencion-informada-trauma\/","title":{"rendered":"Consultor\u00eda educativa y comunitaria en atenci\u00f3n informada sobre el trauma"},"content":{"rendered":"<div data-elementor-type=\"wp-page\" data-elementor-id=\"266\" class=\"elementor elementor-266\" data-elementor-post-type=\"page\">\n\t\t\t\t<div class=\"elementor-element elementor-element-6e98401 e-flex e-con-boxed e-con e-parent\" data-id=\"6e98401\" data-element_type=\"container\" data-settings=\"{&quot;background_background&quot;:&quot;classic&quot;}\">\n\t\t\t\t\t<div class=\"e-con-inner\">\n\t\t\t\t<div class=\"elementor-element elementor-element-365430a elementor-widget elementor-widget-heading\" data-id=\"365430a\" data-element_type=\"widget\" data-widget_type=\"heading.default\">\n\t\t\t\t<div class=\"elementor-widget-container\">\n\t\t\t\t\t<h1 class=\"elementor-heading-title elementor-size-default\">Formaci\u00f3n y acompa\u00f1amiento para educadores, orientadores, centros educativos, entidades comunitarias y organizaciones<\/h1>\t\t\t\t<\/div>\n\t\t\t\t<\/div>\n\t\t\t\t<div class=\"elementor-element elementor-element-c1fabdd elementor-widget elementor-widget-text-editor\" data-id=\"c1fabdd\" data-element_type=\"widget\" data-widget_type=\"text-editor.default\">\n\t\t\t\t<div class=\"elementor-widget-container\">\n\t\t\t\t\t\t\t\t\t<p data-start=\"542\" data-end=\"791\">Trabajo con <strong data-start=\"554\" data-end=\"617\">centros educativos, entidades comunitarias y organizaciones<\/strong> que desean <strong data-start=\"629\" data-end=\"700\">mejorar el bienestar emocional, la regulaci\u00f3n y el clima relacional<\/strong> desde un enfoque <strong data-start=\"718\" data-end=\"747\">informado sobre el trauma<\/strong>, riguroso y aplicable a la pr\u00e1ctica diaria.<\/p><p data-start=\"793\" data-end=\"958\">Ofrezco <strong data-start=\"801\" data-end=\"842\">consultor\u00eda y formaci\u00f3n especializada<\/strong>, adaptada a la realidad de cada contexto, con herramientas claras y respetuosas con el rol educativo y profesional.<\/p>\t\t\t\t\t\t\t\t<\/div>\n\t\t\t\t<\/div>\n\t\t\t\t\t<\/div>\n\t\t\t\t<\/div>\n\t\t<div class=\"elementor-element elementor-element-40146f3 e-flex e-con-boxed e-con e-parent\" data-id=\"40146f3\" data-element_type=\"container\" data-settings=\"{&quot;background_background&quot;:&quot;classic&quot;}\">\n\t\t\t\t\t<div class=\"e-con-inner\">\n\t\t<div class=\"elementor-element elementor-element-416aa5f e-con-full e-flex e-con e-child\" data-id=\"416aa5f\" data-element_type=\"container\">\n\t\t\t\t<div class=\"elementor-element elementor-element-f8da2bd elementor-widget elementor-widget-heading\" data-id=\"f8da2bd\" data-element_type=\"widget\" data-widget_type=\"heading.default\">\n\t\t\t\t<div class=\"elementor-widget-container\">\n\t\t\t\t\t<h2 class=\"elementor-heading-title elementor-size-default\">\u00bfPara qui\u00e9n es este servicio?<\/h2>\t\t\t\t<\/div>\n\t\t\t\t<\/div>\n\t\t\t\t<div class=\"elementor-element elementor-element-2615a02 elementor-widget elementor-widget-text-editor\" data-id=\"2615a02\" data-element_type=\"widget\" data-widget_type=\"text-editor.default\">\n\t\t\t\t<div class=\"elementor-widget-container\">\n\t\t\t\t\t\t\t\t\t<p data-start=\"1000\" data-end=\"1033\">Esta consultor\u00eda est\u00e1 dirigida a:<\/p><ul><li style=\"list-style-type: none;\"><ul data-start=\"1035\" data-end=\"1325\"><li data-start=\"1035\" data-end=\"1081\"><p data-start=\"1037\" data-end=\"1081\">\u00b7 Profesorado de todas las etapas educativas<\/p><\/li><li data-start=\"1082\" data-end=\"1133\"><p data-start=\"1084\" data-end=\"1133\">\u00b7 Departamentos de Orientaci\u00f3n y equipos de apoyo<\/p><\/li><li data-start=\"1134\" data-end=\"1184\"><p data-start=\"1136\" data-end=\"1184\">\u00b7 Equipos directivos y responsables de bienestar<\/p><\/li><li data-start=\"1185\" data-end=\"1223\"><p data-start=\"1187\" data-end=\"1223\">\u00b7 Centros educativos y universidades<\/p><\/li><li data-start=\"1224\" data-end=\"1269\"><p data-start=\"1226\" data-end=\"1269\">\u00b7 Centros comunitarios y entidades sociales<\/p><\/li><li data-start=\"1270\" data-end=\"1325\"><p data-start=\"1272\" data-end=\"1325\">\u00b7 Organizaciones y empresas que trabajan con personas<\/p><\/li><\/ul><\/li><\/ul><p data-start=\"1327\" data-end=\"1363\">Especialmente \u00fatil para equipos que:<\/p><ul><li style=\"list-style-type: none;\"><ul data-start=\"1364\" data-end=\"1578\"><li data-start=\"1364\" data-end=\"1433\"><p data-start=\"1366\" data-end=\"1433\">\u00b7 trabajan con alumnado o colectivos en situaci\u00f3n de vulnerabilidad<\/p><\/li><li data-start=\"1434\" data-end=\"1509\"><p data-start=\"1436\" data-end=\"1509\">\u00b7 observan altos niveles de estr\u00e9s, conductas desafiantes o desregulaci\u00f3n<\/p><\/li><li data-start=\"1510\" data-end=\"1578\"><p data-start=\"1512\" data-end=\"1578\">\u00b7 desean cuidar tambi\u00e9n el bienestar del profesorado y los equipos<\/p><\/li><\/ul><\/li><\/ul>\t\t\t\t\t\t\t\t<\/div>\n\t\t\t\t<\/div>\n\t\t\t\t<\/div>\n\t\t<div class=\"elementor-element elementor-element-f61417e e-con-full e-flex e-con e-child\" data-id=\"f61417e\" data-element_type=\"container\">\n\t\t\t\t<div class=\"elementor-element elementor-element-e210480 elementor-widget elementor-widget-image\" data-id=\"e210480\" data-element_type=\"widget\" data-widget_type=\"image.default\">\n\t\t\t\t<div class=\"elementor-widget-container\">\n\t\t\t\t\t\t\t\t\t\t\t\t\t\t\t<img fetchpriority=\"high\" decoding=\"async\" width=\"600\" height=\"397\" src=\"https:\/\/mariaortegagarcia.com\/wp-content\/uploads\/2025\/03\/kelly-sikkema-kxtB2TFBF2g-unsplash.jpg\" class=\"attachment-large size-large wp-image-367\" alt=\"\" srcset=\"https:\/\/mariaortegagarcia.com\/wp-content\/uploads\/2025\/03\/kelly-sikkema-kxtB2TFBF2g-unsplash.jpg 600w, https:\/\/mariaortegagarcia.com\/wp-content\/uploads\/2025\/03\/kelly-sikkema-kxtB2TFBF2g-unsplash-300x199.jpg 300w, https:\/\/mariaortegagarcia.com\/wp-content\/uploads\/2025\/03\/kelly-sikkema-kxtB2TFBF2g-unsplash-18x12.jpg 18w\" sizes=\"(max-width: 600px) 100vw, 600px\" \/>\t\t\t\t\t\t\t\t\t\t\t\t\t\t\t<\/div>\n\t\t\t\t<\/div>\n\t\t\t\t<\/div>\n\t\t\t\t\t<\/div>\n\t\t\t\t<\/div>\n\t\t<div class=\"elementor-element elementor-element-e39a024 e-flex e-con-boxed e-con e-parent\" data-id=\"e39a024\" data-element_type=\"container\">\n\t\t\t\t\t<div class=\"e-con-inner\">\n\t\t\t\t<div class=\"elementor-element elementor-element-e97b5c9 elementor-widget elementor-widget-heading\" data-id=\"e97b5c9\" data-element_type=\"widget\" data-widget_type=\"heading.default\">\n\t\t\t\t<div class=\"elementor-widget-container\">\n\t\t\t\t\t<h2 class=\"elementor-heading-title elementor-size-default\">\u00bfQu\u00e9 aporta la atenci\u00f3n informada sobre el trauma?<\/h2>\t\t\t\t<\/div>\n\t\t\t\t<\/div>\n\t\t\t\t<div class=\"elementor-element elementor-element-815645f elementor-widget elementor-widget-text-editor\" data-id=\"815645f\" data-element_type=\"widget\" data-widget_type=\"text-editor.default\">\n\t\t\t\t<div class=\"elementor-widget-container\">\n\t\t\t\t\t\t\t\t\t<p data-start=\"1641\" data-end=\"1853\">La atenci\u00f3n informada sobre el trauma permite <strong data-start=\"1687\" data-end=\"1749\">comprender mejor las respuestas emocionales y conductuales<\/strong>, y responder desde la <strong data-start=\"1772\" data-end=\"1814\">seguridad, la regulaci\u00f3n y la relaci\u00f3n<\/strong>, en lugar de la sanci\u00f3n o la urgencia.<\/p><p data-start=\"1855\" data-end=\"1876\">Este enfoque ayuda a:<\/p><ul><li style=\"list-style-type: none;\"><ul data-start=\"1877\" data-end=\"2050\"><li data-start=\"1877\" data-end=\"1917\"><p data-start=\"1879\" data-end=\"1917\">\u00b7 mejorar el clima de aula y de equipo<\/p><\/li><li data-start=\"1918\" data-end=\"1963\"><p data-start=\"1920\" data-end=\"1963\">\u00b7 reducir conflictos y desgaste profesional<\/p><\/li><li data-start=\"1964\" data-end=\"2005\"><p data-start=\"1966\" data-end=\"2005\">\u00b7 fortalecer la conexi\u00f3n y la confianza<\/p><\/li><li data-start=\"2006\" data-end=\"2050\"><p data-start=\"2008\" data-end=\"2050\">\u00b7 apoyar el aprendizaje y la participaci\u00f3n<\/p><\/li><\/ul><\/li><\/ul><p data-start=\"2052\" data-end=\"2147\">No se trata de hacer terapia, sino de <strong data-start=\"2090\" data-end=\"2146\">educar y acompa\u00f1ar con una mirada informada y humana<\/strong>.<\/p>\t\t\t\t\t\t\t\t<\/div>\n\t\t\t\t<\/div>\n\t\t\t\t<div class=\"elementor-element elementor-element-402457f elementor-widget elementor-widget-heading\" data-id=\"402457f\" data-element_type=\"widget\" data-widget_type=\"heading.default\">\n\t\t\t\t<div class=\"elementor-widget-container\">\n\t\t\t\t\t<h2 class=\"elementor-heading-title elementor-size-default\">Modalidades de formaci\u00f3n y consultor\u00eda<\/h2>\t\t\t\t<\/div>\n\t\t\t\t<\/div>\n\t\t\t\t<div class=\"elementor-element elementor-element-9094160 elementor-widget elementor-widget-text-editor\" data-id=\"9094160\" data-element_type=\"widget\" data-widget_type=\"text-editor.default\">\n\t\t\t\t<div class=\"elementor-widget-container\">\n\t\t\t\t\t\t\t\t\t<p data-start=\"2198\" data-end=\"2295\">Ofrezco distintos formatos, siempre adaptados a las necesidades reales del centro u organizaci\u00f3n:<br \/>(Formaci\u00f3n disponible <strong data-start=\"2925\" data-end=\"2948\">presencial u online<\/strong>.)<\/p>\t\t\t\t\t\t\t\t<\/div>\n\t\t\t\t<\/div>\n\t\t\t\t\t<\/div>\n\t\t\t\t<\/div>\n\t\t<div class=\"elementor-element elementor-element-b5ca426 e-flex e-con-boxed e-con e-parent\" data-id=\"b5ca426\" data-element_type=\"container\">\n\t\t\t\t\t<div class=\"e-con-inner\">\n\t\t<div class=\"elementor-element elementor-element-a1c3c0f e-con-full e-flex e-con e-child\" data-id=\"a1c3c0f\" data-element_type=\"container\">\n\t\t\t\t<div class=\"elementor-element elementor-element-b44a6b3 elementor-widget elementor-widget-heading\" data-id=\"b44a6b3\" data-element_type=\"widget\" data-widget_type=\"heading.default\">\n\t\t\t\t<div class=\"elementor-widget-container\">\n\t\t\t\t\t<h4 class=\"elementor-heading-title elementor-size-default\">Cursos de un d\u00eda<\/h4>\t\t\t\t<\/div>\n\t\t\t\t<\/div>\n\t\t\t\t<div class=\"elementor-element elementor-element-7e99022 elementor-widget elementor-widget-text-editor\" data-id=\"7e99022\" data-element_type=\"widget\" data-widget_type=\"text-editor.default\">\n\t\t\t\t<div class=\"elementor-widget-container\">\n\t\t\t\t\t\t\t\t\t<p data-start=\"2319\" data-end=\"2366\">Formaciones intensivas para equipos que buscan:<\/p><ul><li style=\"list-style-type: none;\"><ul data-start=\"2367\" data-end=\"2513\"><li data-start=\"2367\" data-end=\"2418\"><p data-start=\"2369\" data-end=\"2418\">\u00b7 una base clara en educaci\u00f3n informada en trauma<\/p><\/li><li data-start=\"2419\" data-end=\"2469\"><p data-start=\"2421\" data-end=\"2469\">\u00b7 herramientas pr\u00e1cticas de aplicaci\u00f3n inmediata<\/p><\/li><li data-start=\"2470\" data-end=\"2513\"><p data-start=\"2472\" data-end=\"2513\">\u00b7 una visi\u00f3n compartida dentro del equipo<\/p><\/li><\/ul><\/li><\/ul>\t\t\t\t\t\t\t\t<\/div>\n\t\t\t\t<\/div>\n\t\t\t\t<\/div>\n\t\t<div class=\"elementor-element elementor-element-97e0b70 e-con-full e-flex e-con e-child\" data-id=\"97e0b70\" data-element_type=\"container\">\n\t\t\t\t<div class=\"elementor-element elementor-element-842e974 elementor-widget elementor-widget-heading\" data-id=\"842e974\" data-element_type=\"widget\" data-widget_type=\"heading.default\">\n\t\t\t\t<div class=\"elementor-widget-container\">\n\t\t\t\t\t<h4 class=\"elementor-heading-title elementor-size-default\">Cursos de varios d\u00edas<\/h4>\t\t\t\t<\/div>\n\t\t\t\t<\/div>\n\t\t\t\t<div class=\"elementor-element elementor-element-060fa71 elementor-widget elementor-widget-text-editor\" data-id=\"060fa71\" data-element_type=\"widget\" data-widget_type=\"text-editor.default\">\n\t\t\t\t<div class=\"elementor-widget-container\">\n\t\t\t\t\t\t\t\t\t<p data-start=\"2542\" data-end=\"2570\">Procesos m\u00e1s profundos para:<\/p><ul><li style=\"list-style-type: none;\"><ul data-start=\"2571\" data-end=\"2705\"><li data-start=\"2571\" data-end=\"2614\"><p data-start=\"2573\" data-end=\"2614\">\u00b7 integrar el enfoque de forma progresiva<\/p><\/li><li data-start=\"2615\" data-end=\"2655\"><p data-start=\"2617\" data-end=\"2655\">\u00b7 reflexionar sobre situaciones reales<\/p><\/li><li data-start=\"2656\" data-end=\"2705\"><p data-start=\"2658\" data-end=\"2705\">\u00b7 consolidar cambios sostenibles en la pr\u00e1ctica<\/p><\/li><\/ul><\/li><\/ul>\t\t\t\t\t\t\t\t<\/div>\n\t\t\t\t<\/div>\n\t\t\t\t<\/div>\n\t\t<div class=\"elementor-element elementor-element-d06e1c2 e-con-full e-flex e-con e-child\" data-id=\"d06e1c2\" data-element_type=\"container\">\n\t\t\t\t<div class=\"elementor-element elementor-element-a82ef5f elementor-widget elementor-widget-heading\" data-id=\"a82ef5f\" data-element_type=\"widget\" data-widget_type=\"heading.default\">\n\t\t\t\t<div class=\"elementor-widget-container\">\n\t\t\t\t\t<h4 class=\"elementor-heading-title elementor-size-default\">Talleres y sesiones a medida<\/h4>\t\t\t\t<\/div>\n\t\t\t\t<\/div>\n\t\t\t\t<div class=\"elementor-element elementor-element-7e2026e elementor-widget elementor-widget-text-editor\" data-id=\"7e2026e\" data-element_type=\"widget\" data-widget_type=\"text-editor.default\">\n\t\t\t\t<div class=\"elementor-widget-container\">\n\t\t\t\t\t\t\t\t\t<p data-start=\"2741\" data-end=\"2767\">Sesiones espec\u00edficas para:<\/p><ul><li style=\"list-style-type: none;\"><ul data-start=\"2768\" data-end=\"2902\"><li data-start=\"2768\" data-end=\"2800\"><p data-start=\"2770\" data-end=\"2800\">\u00b7 departamentos de orientaci\u00f3n<\/p><\/li><li data-start=\"2801\" data-end=\"2840\"><p data-start=\"2803\" data-end=\"2840\">\u00b7 tutor\u00edas y acompa\u00f1amiento emocional<\/p><\/li><li data-start=\"2841\" data-end=\"2902\"><p data-start=\"2843\" data-end=\"2902\">\u00b7 necesidades concretas detectadas en el centro o comunidad<\/p><\/li><\/ul><\/li><\/ul>\t\t\t\t\t\t\t\t<\/div>\n\t\t\t\t<\/div>\n\t\t\t\t<\/div>\n\t\t\t\t\t<\/div>\n\t\t\t\t<\/div>\n\t\t<div class=\"elementor-element elementor-element-fb36347 e-flex e-con-boxed e-con e-parent\" data-id=\"fb36347\" data-element_type=\"container\" data-settings=\"{&quot;background_background&quot;:&quot;classic&quot;}\">\n\t\t\t\t\t<div class=\"e-con-inner\">\n\t\t<div class=\"elementor-element elementor-element-75832ff e-con-full e-flex e-con e-child\" data-id=\"75832ff\" data-element_type=\"container\">\n\t\t\t\t<div class=\"elementor-element elementor-element-0893125 elementor-widget elementor-widget-image\" data-id=\"0893125\" data-element_type=\"widget\" data-widget_type=\"image.default\">\n\t\t\t\t<div class=\"elementor-widget-container\">\n\t\t\t\t\t\t\t\t\t\t\t\t\t\t\t<img decoding=\"async\" width=\"1024\" height=\"684\" src=\"https:\/\/mariaortegagarcia.com\/wp-content\/uploads\/2025\/10\/joanna-kosinska-B6yDtYs2IgY-unsplash-1024x684.jpg\" class=\"attachment-large size-large wp-image-909\" alt=\"\" srcset=\"https:\/\/mariaortegagarcia.com\/wp-content\/uploads\/2025\/10\/joanna-kosinska-B6yDtYs2IgY-unsplash-1024x684.jpg 1024w, https:\/\/mariaortegagarcia.com\/wp-content\/uploads\/2025\/10\/joanna-kosinska-B6yDtYs2IgY-unsplash-300x200.jpg 300w, https:\/\/mariaortegagarcia.com\/wp-content\/uploads\/2025\/10\/joanna-kosinska-B6yDtYs2IgY-unsplash-768x513.jpg 768w, https:\/\/mariaortegagarcia.com\/wp-content\/uploads\/2025\/10\/joanna-kosinska-B6yDtYs2IgY-unsplash-1536x1025.jpg 1536w, https:\/\/mariaortegagarcia.com\/wp-content\/uploads\/2025\/10\/joanna-kosinska-B6yDtYs2IgY-unsplash-18x12.jpg 18w, https:\/\/mariaortegagarcia.com\/wp-content\/uploads\/2025\/10\/joanna-kosinska-B6yDtYs2IgY-unsplash.jpg 2000w\" sizes=\"(max-width: 1024px) 100vw, 1024px\" \/>\t\t\t\t\t\t\t\t\t\t\t\t\t\t\t<\/div>\n\t\t\t\t<\/div>\n\t\t\t\t<\/div>\n\t\t<div class=\"elementor-element elementor-element-1551233 e-con-full e-flex e-con e-child\" data-id=\"1551233\" data-element_type=\"container\">\n\t\t\t\t<div class=\"elementor-element elementor-element-b96ba16 elementor-widget elementor-widget-heading\" data-id=\"b96ba16\" data-element_type=\"widget\" data-widget_type=\"heading.default\">\n\t\t\t\t<div class=\"elementor-widget-container\">\n\t\t\t\t\t<h2 class=\"elementor-heading-title elementor-size-default\">Herramientas que se trabajan<\/h2>\t\t\t\t<\/div>\n\t\t\t\t<\/div>\n\t\t\t\t<div class=\"elementor-element elementor-element-837da9e elementor-widget elementor-widget-text-editor\" data-id=\"837da9e\" data-element_type=\"widget\" data-widget_type=\"text-editor.default\">\n\t\t\t\t<div class=\"elementor-widget-container\">\n\t\t\t\t\t\t\t\t\t<p data-start=\"2990\" data-end=\"3108\">La formaci\u00f3n es pr\u00e1ctica, experiencial y respetuosa con el contexto educativo y comunitario. Entre otras, se trabajan:<\/p><ul data-start=\"3110\" data-end=\"3526\"><li data-start=\"3110\" data-end=\"3193\"><p data-start=\"3112\" data-end=\"3193\"><strong data-start=\"3112\" data-end=\"3150\">Bandeja de arena y juego simb\u00f3lico<\/strong>, como recurso de expresi\u00f3n y observaci\u00f3n<\/p><\/li><li data-start=\"3194\" data-end=\"3274\"><p data-start=\"3196\" data-end=\"3274\"><strong data-start=\"3196\" data-end=\"3232\">Movimiento y regulaci\u00f3n corporal<\/strong>, para apoyar atenci\u00f3n y autorregulaci\u00f3n<\/p><\/li><li data-start=\"3275\" data-end=\"3366\"><p data-start=\"3277\" data-end=\"3366\"><strong data-start=\"3277\" data-end=\"3314\">T\u00e9cnicas sencillas de respiraci\u00f3n<\/strong>, aplicables en el aula y en el trabajo con grupos<\/p><\/li><li data-start=\"3367\" data-end=\"3450\"><p data-start=\"3369\" data-end=\"3450\"><strong data-start=\"3369\" data-end=\"3416\">Escritura terap\u00e9utica (therapeutic writing)<\/strong> adaptada a contextos educativos<\/p><\/li><li data-start=\"3451\" data-end=\"3526\"><p data-start=\"3453\" data-end=\"3526\"><strong data-start=\"3453\" data-end=\"3484\">Dibujo y expresi\u00f3n creativa<\/strong>, como apoyo a la comunicaci\u00f3n emocional<\/p><\/li><\/ul><p data-start=\"3528\" data-end=\"3624\">Todas las herramientas est\u00e1n pensadas para <strong data-start=\"3571\" data-end=\"3623\">acompa\u00f1ar sin invadir y sostener sin patologizar<\/strong>.<\/p>\t\t\t\t\t\t\t\t<\/div>\n\t\t\t\t<\/div>\n\t\t\t\t<\/div>\n\t\t\t\t\t<\/div>\n\t\t\t\t<\/div>\n\t\t<div class=\"elementor-element elementor-element-eee77ef e-flex e-con-boxed e-con e-parent\" data-id=\"eee77ef\" data-element_type=\"container\">\n\t\t\t\t\t<div class=\"e-con-inner\">\n\t\t<div class=\"elementor-element elementor-element-e7a68d5 e-con-full e-flex e-con e-child\" data-id=\"e7a68d5\" data-element_type=\"container\">\n\t\t\t\t<div class=\"elementor-element elementor-element-8e63031 elementor-widget elementor-widget-heading\" data-id=\"8e63031\" data-element_type=\"widget\" data-widget_type=\"heading.default\">\n\t\t\t\t<div class=\"elementor-widget-container\">\n\t\t\t\t\t<h2 class=\"elementor-heading-title elementor-size-default\">Mi enfoque<\/h2>\t\t\t\t<\/div>\n\t\t\t\t<\/div>\n\t\t\t\t<div class=\"elementor-element elementor-element-44db159 elementor-widget elementor-widget-text-editor\" data-id=\"44db159\" data-element_type=\"widget\" data-widget_type=\"text-editor.default\">\n\t\t\t\t<div class=\"elementor-widget-container\">\n\t\t\t\t\t\t\t\t\t<p data-start=\"117\" data-end=\"415\">Trabajo desde una mirada clara y basada en la evidencia, siempre conectada con la pr\u00e1ctica real de los contextos educativos y comunitarios. Me interesa que la formaci\u00f3n sea \u00fatil y aplicable, respetando los l\u00edmites del rol profesional y evitando enfoques que no encajan en la realidad del d\u00eda a d\u00eda.<\/p><p data-start=\"417\" data-end=\"631\">El foco est\u00e1 en la seguridad emocional y en la relaci\u00f3n como base del aprendizaje y del bienestar. Cada proceso se dise\u00f1a a medida, teniendo en cuenta la cultura, los valores y la realidad espec\u00edfica de cada equipo.<\/p>\t\t\t\t\t\t\t\t<\/div>\n\t\t\t\t<\/div>\n\t\t\t\t<\/div>\n\t\t<div class=\"elementor-element elementor-element-8c91530 e-con-full e-flex e-con e-child\" data-id=\"8c91530\" data-element_type=\"container\">\n\t\t\t\t<div class=\"elementor-element elementor-element-6fbb7b6 elementor-widget elementor-widget-heading\" data-id=\"6fbb7b6\" data-element_type=\"widget\" data-widget_type=\"heading.default\">\n\t\t\t\t<div class=\"elementor-widget-container\">\n\t\t\t\t\t<h2 class=\"elementor-heading-title elementor-size-default\">Formaci\u00f3n y experiencia<\/h2>\t\t\t\t<\/div>\n\t\t\t\t<\/div>\n\t\t\t\t<div class=\"elementor-element elementor-element-885b76c elementor-widget elementor-widget-text-editor\" data-id=\"885b76c\" data-element_type=\"widget\" data-widget_type=\"text-editor.default\">\n\t\t\t\t<div class=\"elementor-widget-container\">\n\t\t\t\t\t\t\t\t\t<p data-start=\"3980\" data-end=\"4100\">Cuento con el <strong data-start=\"3994\" data-end=\"4066\">Diploma en Trauma y Salud Mental en Escuelas y Comunidades (nivel 5)<\/strong> de <em data-start=\"4071\" data-end=\"4099\">Trauma Informed Schools UK<\/em>.<\/p><p data-start=\"4102\" data-end=\"4325\">Tengo formaci\u00f3n espec\u00edfica en <strong data-start=\"4132\" data-end=\"4155\">escritura terap\u00e9utica<\/strong> y actualmente <strong data-start=\"4170\" data-end=\"4241\">formo a profesorado en la Universidad de Las Palmas de Gran Canaria<\/strong> en contenidos relacionados con el bienestar emocional y la educaci\u00f3n informada sobre el trauma.<\/p><p data-start=\"4327\" data-end=\"4452\">Mi trabajo se apoya tanto en la formaci\u00f3n especializada como en una comprensi\u00f3n cercana del contexto educativo y comunitario.<\/p>\t\t\t\t\t\t\t\t<\/div>\n\t\t\t\t<\/div>\n\t\t\t\t<\/div>\n\t\t\t\t\t<\/div>\n\t\t\t\t<\/div>\n\t\t<div class=\"elementor-element elementor-element-a90eef6 e-flex e-con-boxed e-con e-parent\" data-id=\"a90eef6\" data-element_type=\"container\">\n\t\t\t\t\t<div class=\"e-con-inner\">\n\t\t\t\t<div class=\"elementor-element elementor-element-b6ec974 elementor-widget elementor-widget-heading\" data-id=\"b6ec974\" data-element_type=\"widget\" data-widget_type=\"heading.default\">\n\t\t\t\t<div class=\"elementor-widget-container\">\n\t\t\t\t\t<h2 class=\"elementor-heading-title elementor-size-default\">\u00bfHablamos?<\/h2>\t\t\t\t<\/div>\n\t\t\t\t<\/div>\n\t\t\t\t<div class=\"elementor-element elementor-element-aa37de2 elementor-widget elementor-widget-text-editor\" data-id=\"aa37de2\" data-element_type=\"widget\" data-widget_type=\"text-editor.default\">\n\t\t\t\t<div class=\"elementor-widget-container\">\n\t\t\t\t\t\t\t\t\t<p data-start=\"4475\" data-end=\"4587\">Si deseas explorar si este enfoque encaja con tu centro u organizaci\u00f3n, puedes ponerte en contacto conmigo para resolver <strong>dudas<\/strong>, solicitar una <strong>propuesta<\/strong> adaptada o valorar el <strong>formato<\/strong> m\u00e1s adecuado<\/p><p data-start=\"4681\" data-end=\"4736\"><strong data-start=\"4681\" data-end=\"4694\">M\u00e1ndame <\/strong>un email a<strong data-start=\"4681\" data-end=\"4694\"> maria@mariaortegagarcia.com <\/strong>o pulsa el bot\u00f3n de contacto.<\/p>\t\t\t\t\t\t\t\t<\/div>\n\t\t\t\t<\/div>\n\t\t\t\t<div class=\"elementor-element elementor-element-381c0cb elementor-align-justify elementor-widget elementor-widget-button\" data-id=\"381c0cb\" data-element_type=\"widget\" data-widget_type=\"button.default\">\n\t\t\t\t<div class=\"elementor-widget-container\">\n\t\t\t\t\t\t\t\t\t<div class=\"elementor-button-wrapper\">\n\t\t\t\t\t<a class=\"elementor-button elementor-button-link elementor-size-sm\" href=\"https:\/\/mariaortegagarcia.com\/es\/contact\/\">\n\t\t\t\t\t\t<span class=\"elementor-button-content-wrapper\">\n\t\t\t\t\t\t\t\t\t<span class=\"elementor-button-text\">Contacto<\/span>\n\t\t\t\t\t<\/span>\n\t\t\t\t\t<\/a>\n\t\t\t\t<\/div>\n\t\t\t\t\t\t\t\t<\/div>\n\t\t\t\t<\/div>\n\t\t\t\t\t<\/div>\n\t\t\t\t<\/div>\n\t\t\t\t<\/div>","protected":false},"excerpt":{"rendered":"<p>Formaci\u00f3n y acompa\u00f1amiento para educadores, orientadores, centros educativos, entidades comunitarias y organizaciones Trabajo con centros educativos, entidades comunitarias y organizaciones que desean mejorar el bienestar emocional, la regulaci\u00f3n y el [&hellip;]<\/p>","protected":false},"author":1,"featured_media":0,"parent":0,"menu_order":0,"comment_status":"closed","ping_status":"closed","template":"elementor_header_footer","meta":{"_price":"","_stock":"","_tribe_ticket_header":"","_tribe_default_ticket_provider":"","_ticket_start_date":"","_ticket_end_date":"","_tribe_ticket_show_description":"","_tribe_ticket_show_not_going":false,"_tribe_ticket_use_global_stock":"","_tribe_ticket_global_stock_level":"","_global_stock_mode":"","_global_stock_cap":"","_tribe_rsvp_for_event":"","_tribe_ticket_going_count":"","_tribe_ticket_not_going_count":"","_tribe_tickets_list":"[]","_tribe_ticket_has_attendee_info_fields":false,"footnotes":"","_tec_slr_enabled":"","_tec_slr_layout":""},"class_list":["post-266","page","type-page","status-publish","czr-hentry"],"aioseo_notices":[],"ticketed":false,"_links":{"self":[{"href":"https:\/\/mariaortegagarcia.com\/es\/wp-json\/wp\/v2\/pages\/266","targetHints":{"allow":["GET"]}}],"collection":[{"href":"https:\/\/mariaortegagarcia.com\/es\/wp-json\/wp\/v2\/pages"}],"about":[{"href":"https:\/\/mariaortegagarcia.com\/es\/wp-json\/wp\/v2\/types\/page"}],"author":[{"embeddable":true,"href":"https:\/\/mariaortegagarcia.com\/es\/wp-json\/wp\/v2\/users\/1"}],"replies":[{"embeddable":true,"href":"https:\/\/mariaortegagarcia.com\/es\/wp-json\/wp\/v2\/comments?post=266"}],"version-history":[{"count":11,"href":"https:\/\/mariaortegagarcia.com\/es\/wp-json\/wp\/v2\/pages\/266\/revisions"}],"predecessor-version":[{"id":1077,"href":"https:\/\/mariaortegagarcia.com\/es\/wp-json\/wp\/v2\/pages\/266\/revisions\/1077"}],"wp:attachment":[{"href":"https:\/\/mariaortegagarcia.com\/es\/wp-json\/wp\/v2\/media?parent=266"}],"curies":[{"name":"wp","href":"https:\/\/api.w.org\/{rel}","templated":true}]}}