{"id":833,"date":"2025-09-21T06:55:25","date_gmt":"2025-09-21T06:55:25","guid":{"rendered":"https:\/\/mariaortegagarcia.com\/?page_id=833"},"modified":"2026-03-13T18:09:10","modified_gmt":"2026-03-13T17:09:10","slug":"11-therapeutic-writing","status":"publish","type":"page","link":"https:\/\/mariaortegagarcia.com\/es\/11-therapeutic-writing\/","title":{"rendered":"1:1 Therapeutic Writing"},"content":{"rendered":"<div data-elementor-type=\"wp-page\" data-elementor-id=\"833\" class=\"elementor elementor-833\" data-elementor-post-type=\"page\">\n\t\t\t\t<div class=\"elementor-element elementor-element-36d8589e e-flex e-con-boxed e-con e-parent\" data-id=\"36d8589e\" data-element_type=\"container\" data-settings=\"{&quot;background_background&quot;:&quot;classic&quot;}\">\n\t\t\t\t\t<div class=\"e-con-inner\">\n\t\t\t\t<div class=\"elementor-element elementor-element-47d36b5b elementor-widget elementor-widget-text-editor\" data-id=\"47d36b5b\" data-element_type=\"widget\" data-widget_type=\"text-editor.default\">\n\t\t\t\t<div class=\"elementor-widget-container\">\n\t\t\t\t\t\t\t\t\t<p id=\"dcb8\" class=\"pn po rd pp b js pq pr ps jv pt pu pv gu pw px py gx pz qa qb ha qc qd qe qf hu bl\">\"Llena el papel con la respiraci\u00f3n de tu coraz\u00f3n!<br \/>\u2014 William Wordsworth<\/p>\t\t\t\t\t\t\t\t<\/div>\n\t\t\t\t<\/div>\n\t\t\t\t<div class=\"elementor-element elementor-element-24d607e elementor-widget elementor-widget-text-editor\" data-id=\"24d607e\" data-element_type=\"widget\" data-widget_type=\"text-editor.default\">\n\t\t\t\t<div class=\"elementor-widget-container\">\n\t\t\t\t\t\t\t\t\t<p style=\"text-align: center;\">Something so simple as writing allows us to process, organise, and release complex emotions and traumatic experiences, leading to reduced stress, improved mental health, and enhanced immune function. Cool, huh?<\/p>\t\t\t\t\t\t\t\t<\/div>\n\t\t\t\t<\/div>\n\t\t\t\t\t<\/div>\n\t\t\t\t<\/div>\n\t\t<div class=\"elementor-element elementor-element-55486596 e-flex e-con-boxed e-con e-parent\" data-id=\"55486596\" data-element_type=\"container\">\n\t\t\t\t\t<div class=\"e-con-inner\">\n\t\t\t\t<div class=\"elementor-element elementor-element-98be978 elementor-widget elementor-widget-text-editor\" data-id=\"98be978\" data-element_type=\"widget\" data-widget_type=\"text-editor.default\">\n\t\t\t\t<div class=\"elementor-widget-container\">\n\t\t\t\t\t\t\t\t\t<p style=\"text-align: center;\">Sometimes we only need to go for a walk or have a chat with our best friend. <br \/>Other times, we feel the urge to journal about whatever is going on in circles in our heads. This &#8220;brain vomit&#8221; on the page is particularly helpful for unloading the mind, but it&#8217;s not helpful when it becomes obsessive rumination that dwells on negative details or turns into venting without reflection, insight, or action.<br \/>Sometimes we need structure and guidance to get somewhere helpful, regenerative or healing.<\/p>\t\t\t\t\t\t\t\t<\/div>\n\t\t\t\t<\/div>\n\t\t\t\t<div class=\"elementor-element elementor-element-a0eff04 elementor-widget elementor-widget-text-editor\" data-id=\"a0eff04\" data-element_type=\"widget\" data-widget_type=\"text-editor.default\">\n\t\t\t\t<div class=\"elementor-widget-container\">\n\t\t\t\t\t\t\t\t\t<p>Are you <br \/>feeling stuck, unheard, or navigating emotions that feel too complex for everyday conversation?<br \/>or<br \/>moving through a life transition: ageing, relocating, relationship changes, career shifts, job endings, or the stages of peri-menopause, menopause, or post-menopause?<\/p>\t\t\t\t\t\t\t\t<\/div>\n\t\t\t\t<\/div>\n\t\t\t\t<div class=\"elementor-element elementor-element-2237b6d elementor-widget elementor-widget-heading\" data-id=\"2237b6d\" data-element_type=\"widget\" data-widget_type=\"heading.default\">\n\t\t\t\t<div class=\"elementor-widget-container\">\n\t\t\t\t\t<h2 class=\"elementor-heading-title elementor-size-default\">\nDo you feel stuck in old narratives, or sense that it\u2019s time for a different way of meeting life?<\/h2>\t\t\t\t<\/div>\n\t\t\t\t<\/div>\n\t\t\t\t<div class=\"elementor-element elementor-element-974e2ee elementor-widget elementor-widget-text-editor\" data-id=\"974e2ee\" data-element_type=\"widget\" data-widget_type=\"text-editor.default\">\n\t\t\t\t<div class=\"elementor-widget-container\">\n\t\t\t\t\t\t\t\t\t<p style=\"text-align: center;\">When life shifts, your story can too<\/p>\t\t\t\t\t\t\t\t<\/div>\n\t\t\t\t<\/div>\n\t\t\t\t<div class=\"elementor-element elementor-element-44979d88 elementor-widget elementor-widget-text-editor\" data-id=\"44979d88\" data-element_type=\"widget\" data-widget_type=\"text-editor.default\">\n\t\t\t\t<div class=\"elementor-widget-container\">\n\t\t\t\t\t\t\t\t\t<div class=\"html-div xdj266r x14z9mp xat24cr x1lziwak xexx8yu xyri2b x18d9i69 x1c1uobl\" tabindex=\"-1\"><div class=\"html-div xdj266r x14z9mp x1lziwak xexx8yu xyri2b x18d9i69 x1c1uobl x1e56ztr\"><span class=\"x193iq5w xeuugli x13faqbe x1vvkbs xlh3980 xvmahel x1n0sxbx x6prxxf xvq8zen xo1l8bm xzsf02u\">Ofrezco\u00a0<span class=\"html-span xdj266r x14z9mp xat24cr x1lziwak xexx8yu xyri2b x18d9i69 x1c1uobl x1hl2dhg x16tdsg8 x1vvkbs\"><strong class=\"html-strong xdj266r x14z9mp xat24cr x1lziwak xexx8yu xyri2b x18d9i69 x1c1uobl x1hl2dhg x16tdsg8 x1vvkbs x1s688f\">sesiones de escritura terap\u00e9utica individuales<\/strong><\/span>\u00a0for those seeking space, clarity, and a more embodied approach to change.<\/span><\/div><div>\u00a0<\/div><\/div><div class=\"html-div xdj266r x14z9mp xat24cr x1lziwak xexx8yu xyri2b x18d9i69 x1c1uobl\" tabindex=\"-1\"><div class=\"html-div xdj266r x14z9mp x1lziwak xexx8yu xyri2b x18d9i69 x1c1uobl x1e56ztr\" style=\"padding-left: 40px;\"><span class=\"x193iq5w xeuugli x13faqbe x1vvkbs xlh3980 xvmahel x1n0sxbx x6prxxf xvq8zen xo1l8bm xzsf02u\">My work weaves together:<br \/><br class=\"html-br\" \/><span class=\"html-span xexx8yu xyri2b x18d9i69 x1c1uobl x1hl2dhg x16tdsg8 x1vvkbs x3nfvp2 x1j61x8r x1fcty0u xdj266r xat24cr xm2jcoa x1mpyi22 xxymvpz xlup9mm x1kky2od\">\u22d9<\/span>\u00a0Carefully chosen texts (think\u00a0<span class=\"html-span xdj266r x14z9mp xat24cr x1lziwak xexx8yu xyri2b x18d9i69 x1c1uobl x1hl2dhg x16tdsg8 x1vvkbs\"><em class=\"html-em xdj266r x14z9mp xat24cr x1lziwak xexx8yu xyri2b x18d9i69 x1c1uobl x1hl2dhg x16tdsg8 x1vvkbs\">literary pharmacy<\/em><\/span>)<br class=\"html-br\" \/><span class=\"html-span xexx8yu xyri2b x18d9i69 x1c1uobl x1hl2dhg x16tdsg8 x1vvkbs x3nfvp2 x1j61x8r x1fcty0u xdj266r xat24cr xm2jcoa x1mpyi22 xxymvpz xlup9mm x1kky2od\">\u22d9<\/span>\u00a0Reflexive and expressive writing (no writing experience needed)<br class=\"html-br\" \/><span class=\"html-span xexx8yu xyri2b x18d9i69 x1c1uobl x1hl2dhg x16tdsg8 x1vvkbs x3nfvp2 x1j61x8r x1fcty0u xdj266r xat24cr xm2jcoa x1mpyi22 xxymvpz xlup9mm x1kky2od\">\u22d9<\/span>\u00a0Embodiment practices such as breathwork, vocal toning, and gentle movement to ground us in the present and the body<\/span><\/div><\/div><p class=\"my-2 [&amp;+p]:mt-4 [&amp;_strong:has(+br)]:inline-block [&amp;_strong:has(+br)]:pb-2\">En un mundo que apenas para a reflexionar, nuestras palabras se enredan, callan o se pierden. La escritura terap\u00e9utica individual ofrece un espacio amable y privado para desacelerar y redescubrir el poder tu propia voz m\u00e1s all\u00e1 de etiquetas, papeles o expectativas.<\/p>\t\t\t\t\t\t\t\t<\/div>\n\t\t\t\t<\/div>\n\t\t\t\t<div class=\"elementor-element elementor-element-bc18186 elementor-widget elementor-widget-heading\" data-id=\"bc18186\" data-element_type=\"widget\" data-widget_type=\"heading.default\">\n\t\t\t\t<div class=\"elementor-widget-container\">\n\t\t\t\t\t<h2 class=\"elementor-heading-title elementor-size-default\">1:1 Therapeutic Writing Sessions<\/h2>\t\t\t\t<\/div>\n\t\t\t\t<\/div>\n\t\t\t\t<div class=\"elementor-element elementor-element-f20807d elementor-widget elementor-widget-heading\" data-id=\"f20807d\" data-element_type=\"widget\" data-widget_type=\"heading.default\">\n\t\t\t\t<div class=\"elementor-widget-container\">\n\t\t\t\t\t<h3 class=\"elementor-heading-title elementor-size-default\">A trauma informed poetry pharmacy for life transitions<\/h3>\t\t\t\t<\/div>\n\t\t\t\t<\/div>\n\t\t\t\t<div class=\"elementor-element elementor-element-30870e36 elementor-widget elementor-widget-text-editor\" data-id=\"30870e36\" data-element_type=\"widget\" data-widget_type=\"text-editor.default\">\n\t\t\t\t<div class=\"elementor-widget-container\">\n\t\t\t\t\t\t\t\t\t<p class=\"my-2 [&amp;+p]:mt-4 [&amp;_strong:has(+br)]:inline-block [&amp;_strong:has(+br)]:pb-2\">Este servicio individualizado combina pr\u00e1cticas transformadoras de journaling, indagaci\u00f3n narrativa y terapia po\u00e9tica con un marco informado sobre el trauma y sensible culturalmente. Mediante la expresi\u00f3n creativa, trabajamos juntas en:<\/p><ul class=\"marker:text-quiet list-disc\"><li style=\"list-style-type: none;\"><ul><li style=\"list-style-type: none;\"><ul class=\"marker:text-quiet list-disc\"><li class=\"py-0 my-0 prose-p:pt-0 prose-p:mb-2 prose-p:my-0 [&amp;&gt;p]:pt-0 [&amp;&gt;p]:mb-2 [&amp;&gt;p]:my-0\"><p class=\"my-2 [&amp;+p]:mt-4 [&amp;_strong:has(+br)]:inline-block [&amp;_strong:has(+br)]:pb-2\">\u22d9 Process difficult emotions and life transitions<\/p><\/li><li class=\"py-0 my-0 prose-p:pt-0 prose-p:mb-2 prose-p:my-0 [&amp;&gt;p]:pt-0 [&amp;&gt;p]:mb-2 [&amp;&gt;p]:my-0\"><p class=\"my-2 [&amp;+p]:mt-4 [&amp;_strong:has(+br)]:inline-block [&amp;_strong:has(+br)]:pb-2\">\u22d9 Make sense of your story and honor your lived experiences<\/p><\/li><li class=\"py-0 my-0 prose-p:pt-0 prose-p:mb-2 prose-p:my-0 [&amp;&gt;p]:pt-0 [&amp;&gt;p]:mb-2 [&amp;&gt;p]:my-0\"><p class=\"my-2 [&amp;+p]:mt-4 [&amp;_strong:has(+br)]:inline-block [&amp;_strong:has(+br)]:pb-2\">\u22d9 Build self-compassion, resilience, and authentic self-expression<\/p><\/li><\/ul><\/li><\/ul><\/li><li class=\"py-0 my-0 prose-p:pt-0 prose-p:mb-2 prose-p:my-0 [&amp;&gt;p]:pt-0 [&amp;&gt;p]:mb-2 [&amp;&gt;p]:my-0\"><p class=\"my-2 [&amp;+p]:mt-4 [&amp;_strong:has(+br)]:inline-block [&amp;_strong:has(+br)]:pb-2\">Reconectar con el sentido, claridad y un renovado sentido de voluntad.<\/p><\/li><\/ul>\t\t\t\t\t\t\t\t<\/div>\n\t\t\t\t<\/div>\n\t\t\t\t<div class=\"elementor-element elementor-element-b3400fe elementor-widget elementor-widget-text-editor\" data-id=\"b3400fe\" data-element_type=\"widget\" data-widget_type=\"text-editor.default\">\n\t\t\t\t<div class=\"elementor-widget-container\">\n\t\t\t\t\t\t\t\t\t<p style=\"text-align: center;\">There is nothing in the world, I venture to<br \/>say, that would so effectively help one to survive even the worst conditions, as the knowledge that there is a meaning in one&#8217;s life.<\/p><p>\u2013 Victor Frankl<\/p>\t\t\t\t\t\t\t\t<\/div>\n\t\t\t\t<\/div>\n\t\t\t\t<div class=\"elementor-element elementor-element-b9dd4aa elementor-widget elementor-widget-heading\" data-id=\"b9dd4aa\" data-element_type=\"widget\" data-widget_type=\"heading.default\">\n\t\t\t\t<div class=\"elementor-widget-container\">\n\t\t\t\t\t<h3 class=\"elementor-heading-title elementor-size-default\">How it works\n<\/h3>\t\t\t\t<\/div>\n\t\t\t\t<\/div>\n\t\t\t\t<div class=\"elementor-element elementor-element-1b5d1a26 elementor-widget elementor-widget-text-editor\" data-id=\"1b5d1a26\" data-element_type=\"widget\" data-widget_type=\"text-editor.default\">\n\t\t\t\t<div class=\"elementor-widget-container\">\n\t\t\t\t\t\t\t\t\t<p class=\"my-2 [&amp;+p]:mt-4 [&amp;_strong:has(+br)]:inline-block [&amp;_strong:has(+br)]:pb-2\">Each session is shaped around you. We begin with where you are; there is no need for writing experience, just a willingness to explore.<\/p><ul class=\"marker:text-quiet list-disc\"><li class=\"py-0 my-0 prose-p:pt-0 prose-p:mb-2 prose-p:my-0 [&amp;&gt;p]:pt-0 [&amp;&gt;p]:mb-2 [&amp;&gt;p]:my-0\"><p class=\"my-2 [&amp;+p]:mt-4 [&amp;_strong:has(+br)]:inline-block [&amp;_strong:has(+br)]:pb-2\"><strong>Journaling:<\/strong>\u00a0Guided prompts and reflective writing exercises are offered to surface emotions, clarify patterns, and open space for healing.<\/p><\/li><li class=\"py-0 my-0 prose-p:pt-0 prose-p:mb-2 prose-p:my-0 [&amp;&gt;p]:pt-0 [&amp;&gt;p]:mb-2 [&amp;&gt;p]:my-0\"><p class=\"my-2 [&amp;+p]:mt-4 [&amp;_strong:has(+br)]:inline-block [&amp;_strong:has(+br)]:pb-2\"><strong>Narrative Therapy:<\/strong>\u00a0Together we identify dominant stories, untangle self-limiting beliefs, and gently rewrite narratives so you can move forward with self-trust.<\/p><\/li><li class=\"py-0 my-0 prose-p:pt-0 prose-p:mb-2 prose-p:my-0 [&amp;&gt;p]:pt-0 [&amp;&gt;p]:mb-2 [&amp;&gt;p]:my-0\"><p class=\"my-2 [&amp;+p]:mt-4 [&amp;_strong:has(+br)]:inline-block [&amp;_strong:has(+br)]:pb-2\"><strong>Poetry Therapy:<\/strong> Reading and creating poems (your own or those of others) serves as a path to access deeper feelings, meanings and connect with your unspoken wisdom.<\/p><\/li><\/ul><p class=\"my-2 [&amp;+p]:mt-4 [&amp;_strong:has(+br)]:inline-block [&amp;_strong:has(+br)]:pb-2\">All sessions are confidential and paced at your comfort. Whether you\u2019re working through grief, overwhelm or stress, seeking guidance in life transitions, complex events or themes like self-compassion, letting go or forgiveness, or longing for more meaning in your daily life, my approach invites you to reclaim language as a creative, restorative force.<\/p>\t\t\t\t\t\t\t\t<\/div>\n\t\t\t\t<\/div>\n\t\t\t\t\t<\/div>\n\t\t\t\t<\/div>\n\t\t<div class=\"elementor-element elementor-element-5ceceabe e-flex e-con-boxed e-con e-parent\" data-id=\"5ceceabe\" data-element_type=\"container\">\n\t\t\t\t\t<div class=\"e-con-inner\">\n\t\t<div class=\"elementor-element elementor-element-7004edb5 e-con-full e-flex e-con e-child\" data-id=\"7004edb5\" data-element_type=\"container\">\n\t\t\t\t<div class=\"elementor-element elementor-element-395202e8 elementor-widget elementor-widget-image\" data-id=\"395202e8\" data-element_type=\"widget\" data-widget_type=\"image.default\">\n\t\t\t\t<div class=\"elementor-widget-container\">\n\t\t\t\t\t\t\t\t\t\t\t\t\t\t\t<img fetchpriority=\"high\" decoding=\"async\" width=\"500\" height=\"667\" src=\"https:\/\/mariaortegagarcia.com\/wp-content\/uploads\/2025\/09\/mariaortega.jpg\" class=\"attachment-large size-large wp-image-835\" alt=\"\" srcset=\"https:\/\/mariaortegagarcia.com\/wp-content\/uploads\/2025\/09\/mariaortega.jpg 500w, https:\/\/mariaortegagarcia.com\/wp-content\/uploads\/2025\/09\/mariaortega-225x300.jpg 225w, https:\/\/mariaortegagarcia.com\/wp-content\/uploads\/2025\/09\/mariaortega-9x12.jpg 9w\" sizes=\"(max-width: 500px) 100vw, 500px\" \/>\t\t\t\t\t\t\t\t\t\t\t\t\t\t\t<\/div>\n\t\t\t\t<\/div>\n\t\t\t\t<\/div>\n\t\t<div class=\"elementor-element elementor-element-972e540 e-con-full e-flex e-con e-child\" data-id=\"972e540\" data-element_type=\"container\">\n\t\t\t\t<div class=\"elementor-element elementor-element-83fab30 elementor-widget elementor-widget-heading\" data-id=\"83fab30\" data-element_type=\"widget\" data-widget_type=\"heading.default\">\n\t\t\t\t<div class=\"elementor-widget-container\">\n\t\t\t\t\t<h3 class=\"elementor-heading-title elementor-size-default\">Why work with me?<\/h3>\t\t\t\t<\/div>\n\t\t\t\t<\/div>\n\t\t\t\t<div class=\"elementor-element elementor-element-5c6042ea elementor-widget elementor-widget-text-editor\" data-id=\"5c6042ea\" data-element_type=\"widget\" data-widget_type=\"text-editor.default\">\n\t\t\t\t<div class=\"elementor-widget-container\">\n\t\t\t\t\t\t\t\t\t<ul class=\"marker:text-quiet list-disc\"><li class=\"py-0 my-0 prose-p:pt-0 prose-p:mb-2 prose-p:my-0 [&amp;&gt;p]:pt-0 [&amp;&gt;p]:mb-2 [&amp;&gt;p]:my-0\"><p class=\"my-2 [&amp;+p]:mt-4 [&amp;_strong:has(+br)]:inline-block [&amp;_strong:has(+br)]:pb-2\">Qualified poetry therapy practitioner and narrative facilitator<\/p><\/li><li class=\"py-0 my-0 prose-p:pt-0 prose-p:mb-2 prose-p:my-0 [&amp;&gt;p]:pt-0 [&amp;&gt;p]:mb-2 [&amp;&gt;p]:my-0\"><p class=\"my-2 [&amp;+p]:mt-4 [&amp;_strong:has(+br)]:inline-block [&amp;_strong:has(+br)]:pb-2\">Grounded in trauma-informed, person-centred care<\/p><\/li><li class=\"py-0 my-0 prose-p:pt-0 prose-p:mb-2 prose-p:my-0 [&amp;&gt;p]:pt-0 [&amp;&gt;p]:mb-2 [&amp;&gt;p]:my-0\"><p class=\"my-2 [&amp;+p]:mt-4 [&amp;_strong:has(+br)]:inline-block [&amp;_strong:has(+br)]:pb-2\">Experience supporting people navigating life transitions, emotional distress, and questions of identity or connection<\/p><\/li><li class=\"py-0 my-0 prose-p:pt-0 prose-p:mb-2 prose-p:my-0 [&amp;&gt;p]:pt-0 [&amp;&gt;p]:mb-2 [&amp;&gt;p]:my-0\"><p class=\"my-2 [&amp;+p]:mt-4 [&amp;_strong:has(+br)]:inline-block [&amp;_strong:has(+br)]:pb-2\">Sensitive, cross-cultural perspective; sessions available in English or Spanish<\/p><\/li><\/ul>\t\t\t\t\t\t\t\t<\/div>\n\t\t\t\t<\/div>\n\t\t\t\t<\/div>\n\t\t\t\t\t<\/div>\n\t\t\t\t<\/div>\n\t\t<div class=\"elementor-element elementor-element-12886775 e-flex e-con-boxed e-con e-parent\" data-id=\"12886775\" data-element_type=\"container\">\n\t\t\t\t\t<div class=\"e-con-inner\">\n\t\t\t\t<div class=\"elementor-element elementor-element-8a092f1 elementor-widget elementor-widget-heading\" data-id=\"8a092f1\" data-element_type=\"widget\" data-widget_type=\"heading.default\">\n\t\t\t\t<div class=\"elementor-widget-container\">\n\t\t\t\t\t<h3 class=\"elementor-heading-title elementor-size-default\">Ready to Begin?<\/h3>\t\t\t\t<\/div>\n\t\t\t\t<\/div>\n\t\t\t\t<div class=\"elementor-element elementor-element-4ddea97d elementor-widget elementor-widget-text-editor\" data-id=\"4ddea97d\" data-element_type=\"widget\" data-widget_type=\"text-editor.default\">\n\t\t\t\t<div class=\"elementor-widget-container\">\n\t\t\t\t\t\t\t\t\t<p class=\"my-2 [&amp;+p]:mt-4 [&amp;_strong:has(+br)]:inline-block [&amp;_strong:has(+br)]:pb-2\">This work is for anyone seeking clarity, healing, or a kinder relationship with themselves, no writing background required.<\/p><ul class=\"marker:text-quiet list-disc\"><li class=\"py-0 my-0 prose-p:pt-0 prose-p:mb-2 prose-p:my-0 [&amp;&gt;p]:pt-0 [&amp;&gt;p]:mb-2 [&amp;&gt;p]:my-0\"><p class=\"my-2 [&amp;+p]:mt-4 [&amp;_strong:has(+br)]:inline-block [&amp;_strong:has(+br)]:pb-2\">Flexible scheduling, online or in-person options<\/p><\/li><li class=\"py-0 my-0 prose-p:pt-0 prose-p:mb-2 prose-p:my-0 [&amp;&gt;p]:pt-0 [&amp;&gt;p]:mb-2 [&amp;&gt;p]:my-0\"><p class=\"my-2 [&amp;+p]:mt-4 [&amp;_strong:has(+br)]:inline-block [&amp;_strong:has(+br)]:pb-2\">Free 30-minute consultation to see if this is the right fit<\/p><\/li><\/ul><p class=\"my-2 [&amp;+p]:mt-4 [&amp;_strong:has(+br)]:inline-block [&amp;_strong:has(+br)]:pb-2\"><strong>Reconnect with your story. Write toward healing.<\/strong><br \/><a href=\"https:\/\/mariaortegagarcia.com\/es\/contact\/\">Contact me<\/a> directly to schedule a complimentary introductory conversation and begin your journey.<\/p>\t\t\t\t\t\t\t\t<\/div>\n\t\t\t\t<\/div>\n\t\t\t\t\t<\/div>\n\t\t\t\t<\/div>\n\t\t<div class=\"elementor-element elementor-element-5982366 e-flex e-con-boxed e-con e-parent\" data-id=\"5982366\" data-element_type=\"container\" data-settings=\"{&quot;background_background&quot;:&quot;classic&quot;}\">\n\t\t\t\t\t<div class=\"e-con-inner\">\n\t\t<div class=\"elementor-element elementor-element-8a8422b e-con-full e-flex e-con e-child\" data-id=\"8a8422b\" data-element_type=\"container\">\n\t\t\t\t<div class=\"elementor-element elementor-element-20fb2df elementor-widget elementor-widget-text-editor\" data-id=\"20fb2df\" data-element_type=\"widget\" data-widget_type=\"text-editor.default\">\n\t\t\t\t<div class=\"elementor-widget-container\">\n\t\t\t\t\t\t\t\t\t<h4 class=\"mb-2 mt-4 font-display font-semimedium text-base first:mt-0\" style=\"text-align: center;\">1:1 Sessions \u2013 Deeper Exploration &amp; Growth<\/h4><p style=\"text-align: center;\">For those ready to embark on a more sustained journey, whether weekly, biweekly, or monthly, ongoing sessions (60 or 90 minutes each) provide space to process deeper issues, life patterns, or transitions over time. This personalised pathway is carefully organised with the facilitator to ensure that your sessions are responsive and attuned to your evolving needs.<br \/><strong>A complimentary consultation is required<\/strong>\u00a0before beginning a series of ongoing sessions; together, we will clarify your goals and co-create a flexible plan for your therapeutic writing journey, establishing a rhythm and structure that fit your life.<\/p><p style=\"text-align: center;\">Price: 50\u20ac\/per hour<\/p>\t\t\t\t\t\t\t\t<\/div>\n\t\t\t\t<\/div>\n\t\t\t\t<div class=\"elementor-element elementor-element-fb10489 elementor-align-center elementor-widget elementor-widget-button\" data-id=\"fb10489\" data-element_type=\"widget\" data-widget_type=\"button.default\">\n\t\t\t\t<div class=\"elementor-widget-container\">\n\t\t\t\t\t\t\t\t\t<div class=\"elementor-button-wrapper\">\n\t\t\t\t\t<a class=\"elementor-button elementor-button-link elementor-size-sm\" href=\"https:\/\/docs.google.com\/forms\/d\/e\/1FAIpQLScVvpC6-UTppeYgzOKcRSy0uuzwEBZpBQzD3D_X2Oy6dJiO5Q\/viewform?usp=sf_link\" target=\"_blank\">\n\t\t\t\t\t\t<span class=\"elementor-button-content-wrapper\">\n\t\t\t\t\t\t\t\t\t<span class=\"elementor-button-text\">Contact to book a consultation<\/span>\n\t\t\t\t\t<\/span>\n\t\t\t\t\t<\/a>\n\t\t\t\t<\/div>\n\t\t\t\t\t\t\t\t<\/div>\n\t\t\t\t<\/div>\n\t\t\t\t<\/div>\n\t\t\t\t\t<\/div>\n\t\t\t\t<\/div>\n\t\t\t\t<\/div>","protected":false},"excerpt":{"rendered":"<p>\u201cFill your paper with the breathings of your heart.\u201d\u2014 William Wordsworth Something so simple as writing allows us to process, organise, and release complex emotions and traumatic experiences, leading to [&hellip;]<\/p>","protected":false},"author":1,"featured_media":0,"parent":0,"menu_order":0,"comment_status":"closed","ping_status":"closed","template":"elementor_header_footer","meta":{"_price":"","_stock":"","_tribe_ticket_header":"","_tribe_default_ticket_provider":"","_ticket_start_date":"","_ticket_end_date":"","_tribe_ticket_show_description":"","_tribe_ticket_show_not_going":false,"_tribe_ticket_use_global_stock":"","_tribe_ticket_global_stock_level":"","_global_stock_mode":"","_global_stock_cap":"","_tribe_rsvp_for_event":"","_tribe_ticket_going_count":"","_tribe_ticket_not_going_count":"","_tribe_tickets_list":"[]","_tribe_ticket_has_attendee_info_fields":false,"footnotes":"","_tec_slr_enabled":"","_tec_slr_layout":""},"class_list":["post-833","page","type-page","status-publish","czr-hentry"],"aioseo_notices":[],"ticketed":false,"_links":{"self":[{"href":"https:\/\/mariaortegagarcia.com\/es\/wp-json\/wp\/v2\/pages\/833","targetHints":{"allow":["GET"]}}],"collection":[{"href":"https:\/\/mariaortegagarcia.com\/es\/wp-json\/wp\/v2\/pages"}],"about":[{"href":"https:\/\/mariaortegagarcia.com\/es\/wp-json\/wp\/v2\/types\/page"}],"author":[{"embeddable":true,"href":"https:\/\/mariaortegagarcia.com\/es\/wp-json\/wp\/v2\/users\/1"}],"replies":[{"embeddable":true,"href":"https:\/\/mariaortegagarcia.com\/es\/wp-json\/wp\/v2\/comments?post=833"}],"version-history":[{"count":28,"href":"https:\/\/mariaortegagarcia.com\/es\/wp-json\/wp\/v2\/pages\/833\/revisions"}],"predecessor-version":[{"id":1187,"href":"https:\/\/mariaortegagarcia.com\/es\/wp-json\/wp\/v2\/pages\/833\/revisions\/1187"}],"wp:attachment":[{"href":"https:\/\/mariaortegagarcia.com\/es\/wp-json\/wp\/v2\/media?parent=833"}],"curies":[{"name":"wp","href":"https:\/\/api.w.org\/{rel}","templated":true}]}}